{"id":2291,"date":"2024-09-26T19:37:27","date_gmt":"2024-09-26T17:37:27","guid":{"rendered":"https:\/\/calmare.atoom.space\/politique-de-confidentialite\/"},"modified":"2024-12-03T12:51:49","modified_gmt":"2024-12-03T11:51:49","slug":"politique-de-confidentialite","status":"publish","type":"page","link":"https:\/\/calmare.atoom.space\/fr\/politique-de-confidentialite\/","title":{"rendered":"Politique de confidentialit\u00e9"},"content":{"rendered":"<h1>Politique de confidentialit\u00e9<\/h1>\n<h2>Nous pr\u00e9f\u00e9rons ne pas stocker d&rsquo;informations sur les utilisateurs si cela n&rsquo;est pas strictement n\u00e9cessaire.<\/h2>\n<p>Toutefois, en vertu de la l\u00e9gislation locale, nous devons au moins conserver les coordonn\u00e9es de nos invit\u00e9s par le biais d&rsquo;un formulaire de contact (nom, pi\u00e8ce d&rsquo;identit\u00e9, num\u00e9ro de t\u00e9l\u00e9phone et adresse \u00e9lectronique). Nous nous engageons \u00e0 en prendre soin, comme vous pouvez le lire ci-dessous.<\/p>\n<h2>Confidentialit\u00e9 et protection des donn\u00e9es<\/h2>\n<p>Aux fins des dispositions du RGPD du 27 avril 2016, FATMAS 2016, S.L. informe l&rsquo;Utilisateur de l&rsquo;existence d&rsquo;un traitement automatis\u00e9 de donn\u00e9es \u00e0 caract\u00e8re personnel cr\u00e9\u00e9 par et pour FATMAS 2016, S.L. et sous sa responsabilit\u00e9, afin d&rsquo;effectuer le maintien et la gestion de la relation avec l&rsquo;Utilisateur, ainsi que le travail d&rsquo;information. Au moment de l&rsquo;acceptation des pr\u00e9sentes conditions g\u00e9n\u00e9rales, FATMAS 2016, S.L. L&rsquo;utilisateur demandera la collecte de donn\u00e9es essentielles pour la prestation de ses services.<\/p>\n<h2>Enregistrement des dossiers et des formulaires<\/h2>\n<p>Le remplissage du formulaire d&rsquo;enregistrement est obligatoire pour acc\u00e9der \u00e0 certains services offerts sur le web et en profiter. Le fait de ne pas fournir les donn\u00e9es personnelles demand\u00e9es ou de ne pas accepter cette politique de protection des donn\u00e9es implique l&rsquo;impossibilit\u00e9 de s&rsquo;abonner, de s&rsquo;inscrire ou de participer \u00e0 l&rsquo;une des promotions pour lesquelles des donn\u00e9es personnelles sont demand\u00e9es. Aux fins des dispositions du RGPD du 27 avril 2016, nous vous informons que les donn\u00e9es personnelles obtenues \u00e0 la suite de votre inscription en tant qu&rsquo;Utilisateur seront incorpor\u00e9es \u00e0 un fichier appartenant \u00e0 FATMAS 2016, S.L. avec C.I.F B76255801 et domicili\u00e9e \u00e0 C \/ MAJANICHO N\u00ba100, URBANIZACI\u00d3N ORIGO MARE VIVIENDA 604, LA OLIVA, 35650, LAS PALMAS, ayant mis en \u0153uvre les mesures de s\u00e9curit\u00e9 \u00e9tablies dans le D\u00e9cret Royal 1720\/2007, du 11 juin.<\/p>\n<h2>Exactitude et v\u00e9racit\u00e9 des donn\u00e9es fournies<\/h2>\n<p>L&rsquo;utilisateur est le seul responsable de la v\u00e9racit\u00e9 et de l&rsquo;exactitude des donn\u00e9es incluses, exon\u00e9rant FATMAS 2016, S.L. de toute responsabilit\u00e9 \u00e0 cet \u00e9gard. Les utilisateurs garantissent et r\u00e9pondent, en tout \u00e9tat de cause, de l&rsquo;exactitude, de la validit\u00e9 et de l&rsquo;authenticit\u00e9 des donn\u00e9es personnelles fournies, et s&rsquo;engagent \u00e0 les tenir d\u00fbment \u00e0 jour. L&rsquo;utilisateur s&rsquo;engage \u00e0 fournir des informations compl\u00e8tes et correctes dans le formulaire d&rsquo;inscription ou d&rsquo;abonnement. FATMAS 2016, S.L. n&rsquo;est pas responsable de la v\u00e9racit\u00e9 des informations qui ne sont pas de sa propre \u00e9laboration et dont une autre source est indiqu\u00e9e, de sorte qu&rsquo;elle n&rsquo;assume pas non plus la responsabilit\u00e9 des dommages hypoth\u00e9tiques qui pourraient \u00eatre caus\u00e9s par l&rsquo;utilisation de ces informations. FATMAS 2016, S.L. se r\u00e9serve le droit d&rsquo;actualiser, de modifier ou de supprimer l&rsquo;information contenue dans ses pages web et peut m\u00eame limiter ou interdire l&rsquo;acc\u00e8s \u00e0 cette information. FATMAS 2016, S.L. n&rsquo;est pas responsable des dommages ou des pertes que l&rsquo;utilisateur pourrait subir en raison d&rsquo;erreurs, de d\u00e9fauts ou d&rsquo;omissions dans les informations fournies par FATMAS 2016, S.L., \u00e0 condition qu&rsquo;elles proviennent de sources ext\u00e9rieures \u00e0 FATMAS 2016, S.L..<\/p>\n<h2>Exercice des droits d&rsquo;acc\u00e8s, de rectification, d&rsquo;annulation et d&rsquo;opposition<\/h2>\n<p>Vous pouvez adresser vos communications et exercer vos droits d&rsquo;acc\u00e8s, de rectification, d&rsquo;effacement, de limitation, de portabilit\u00e9 et d&rsquo;opposition \u00e0 l&rsquo;adresse Internet www.dreamingmyway.com ou par courrier postal adress\u00e9 \u00e0 FATMAS 2016, SL, Ref. RGPD, en C \/ MAJANICHO N\u00ba100, URBANIZATION ORIGO MARE HOUSING 604, LA OLIVA, 35650, LAS PALMAS. Pour exercer ces droits, il est n\u00e9cessaire que vous prouviez votre personnalit\u00e9 \u00e0 l&rsquo;\u00e9gard de FATMAS 2016, S.L. en envoyant une photocopie du document d&rsquo;identit\u00e9 nationale ou tout autre moyen valable en droit. Toutefois, la modification ou la rectification de vos donn\u00e9es d&rsquo;enregistrement peut \u00eatre effectu\u00e9e sur le site lui-m\u00eame en vous identifiant, au pr\u00e9alable, avec votre nom d&rsquo;utilisateur et votre mot de passe.<\/p>\n<h2>Acceptation et consentement<\/h2>\n<p>L&rsquo;utilisateur d\u00e9clare avoir \u00e9t\u00e9 inform\u00e9 des conditions de protection des donn\u00e9es personnelles, acceptant et consentant au traitement automatis\u00e9 de celles-ci par FATMAS 2016, S.L., de la mani\u00e8re et aux fins indiqu\u00e9es dans la pr\u00e9sente politique de protection des donn\u00e9es personnelles. Certains services fournis sur le portail peuvent contenir des conditions particuli\u00e8res avec des dispositions sp\u00e9cifiques concernant la protection des donn\u00e9es personnelles.<\/p>\n<h2>Cookies<\/h2>\n<p>Le site www.dreamingmyway.com n&rsquo;utilise pas de cookies, consid\u00e9rant que ces fichiers physiques d&rsquo;information sont h\u00e9berg\u00e9s dans le terminal de l&rsquo;utilisateur et servent \u00e0 faciliter la navigation de l&rsquo;utilisateur sur le portail. Dans tous les cas, l&rsquo;utilisateur a la possibilit\u00e9 de configurer son navigateur de mani\u00e8re \u00e0 emp\u00eacher l&rsquo;installation de ces fichiers.<\/p>\n<h2>Mesures de s\u00e9curit\u00e9<\/h2>\n<p>FATMAS 2016, S.L. a adopt\u00e9 les niveaux de s\u00e9curit\u00e9 de protection des donn\u00e9es personnelles l\u00e9galement requis, et s&rsquo;efforce d&rsquo;installer les autres moyens et mesures techniques suppl\u00e9mentaires \u00e0 sa disposition pour \u00e9viter la perte, le mauvais usage, l&rsquo;alt\u00e9ration, l&rsquo;acc\u00e8s non autoris\u00e9 et le vol des donn\u00e9es personnelles fournies \u00e0 FATMAS 2016, S.L. ne sera pas responsable des \u00e9ventuels dommages ou pertes qui pourraient d\u00e9couler d&rsquo;interf\u00e9rences, d&rsquo;omissions, d&rsquo;interruptions, de virus informatiques, de pannes t\u00e9l\u00e9phoniques ou de d\u00e9connexions dans le fonctionnement op\u00e9rationnel de ce syst\u00e8me \u00e9lectronique, motiv\u00e9s par des causes ind\u00e9pendantes de FATMAS 2016, S.L. ; de retards ou de blocages dans l&rsquo;utilisation de ce syst\u00e8me \u00e9lectronique caus\u00e9s par des d\u00e9ficiences ou des surcharges des lignes t\u00e9l\u00e9phoniques ou des surcharges dans le centre de traitement des donn\u00e9es, dans le syst\u00e8me Internet ou dans d&rsquo;autres syst\u00e8mes \u00e9lectroniques, ainsi que des dommages qui peuvent \u00eatre caus\u00e9s par des personnes tierces par le biais d&rsquo;interf\u00e9rences ill\u00e9gitimes hors du contr\u00f4le de FATMAS 2016, S.L. Cependant, l&rsquo;utilisateur doit \u00eatre conscient que les mesures de s\u00e9curit\u00e9 sur Internet ne sont pas inexpugnables.<\/p>\n<h2>Transfert de donn\u00e9es \u00e0 des tiers<\/h2>\n<p>FATMAS 2016, S.L. ne c\u00e9dera pas les donn\u00e9es des utilisateurs \u00e0 des tiers.<\/p>\n<h2>Mineurs<\/h2>\n<p>Dans le cas o\u00f9 certains de nos services s&rsquo;adressent sp\u00e9cifiquement aux mineurs, FATMAS 2016, S.L. demande le consentement des parents ou des tuteurs pour la collecte des donn\u00e9es personnelles ou, le cas \u00e9ch\u00e9ant, pour le traitement automatis\u00e9 des donn\u00e9es.<\/p>\n<h2>Objectifs<\/h2>\n<p>Les finalit\u00e9s de Fatmas 2016 S.L. sont le maintien et la gestion de la relation avec l&rsquo;utilisateur, ainsi que les t\u00e2ches d&rsquo;information.<\/p>\n","protected":false},"excerpt":{"rendered":"<p>Politique de confidentialit\u00e9 Nous pr\u00e9f\u00e9rons ne pas stocker d&rsquo;informations sur les utilisateurs si cela n&rsquo;est pas strictement n\u00e9cessaire. Toutefois, en vertu de la l\u00e9gislation locale, nous devons au moins conserver les coordonn\u00e9es de nos invit\u00e9s par le biais d&rsquo;un formulaire de contact (nom, pi\u00e8ce d&rsquo;identit\u00e9, num\u00e9ro de t\u00e9l\u00e9phone et adresse \u00e9lectronique). Nous nous engageons \u00e0 [&hellip;]<\/p>\n","protected":false},"author":1,"featured_media":0,"parent":0,"menu_order":0,"comment_status":"closed","ping_status":"open","template":"","meta":{"_acf_changed":false,"footnotes":""},"class_list":["post-2291","page","type-page","status-publish","hentry"],"acf":[],"yoast_head":"<!-- This site is optimized with the Yoast SEO plugin v24.0 - https:\/\/yoast.com\/wordpress\/plugins\/seo\/ -->\n<title>Politique de confidentialit\u00e9 - Calmare<\/title>\n<meta name=\"robots\" content=\"noindex, follow\" \/>\n<meta property=\"og:locale\" content=\"fr_FR\" \/>\n<meta property=\"og:type\" content=\"article\" \/>\n<meta property=\"og:title\" content=\"Politique de confidentialit\u00e9 - Calmare\" \/>\n<meta property=\"og:description\" content=\"Politique de confidentialit\u00e9 Nous pr\u00e9f\u00e9rons ne pas stocker d&rsquo;informations sur les utilisateurs si cela n&rsquo;est pas strictement n\u00e9cessaire. Toutefois, en vertu de la l\u00e9gislation locale, nous devons au moins conserver les coordonn\u00e9es de nos invit\u00e9s par le biais d&rsquo;un formulaire de contact (nom, pi\u00e8ce d&rsquo;identit\u00e9, num\u00e9ro de t\u00e9l\u00e9phone et adresse \u00e9lectronique). Nous nous engageons \u00e0 [&hellip;]\" \/>\n<meta property=\"og:url\" content=\"https:\/\/calmare.atoom.space\/fr\/politique-de-confidentialite\/\" \/>\n<meta property=\"og:site_name\" content=\"Calmare\" \/>\n<meta property=\"article:modified_time\" content=\"2024-12-03T11:51:49+00:00\" \/>\n<meta name=\"twitter:card\" content=\"summary_large_image\" \/>\n<meta name=\"twitter:label1\" content=\"Dur\u00e9e de lecture estim\u00e9e\" \/>\n\t<meta name=\"twitter:data1\" content=\"5 minutes\" \/>\n<script type=\"application\/ld+json\" class=\"yoast-schema-graph\">{\"@context\":\"https:\/\/schema.org\",\"@graph\":[{\"@type\":\"WebPage\",\"@id\":\"https:\/\/calmare.atoom.space\/fr\/politique-de-confidentialite\/\",\"url\":\"https:\/\/calmare.atoom.space\/fr\/politique-de-confidentialite\/\",\"name\":\"Politique de confidentialit\u00e9 - Calmare\",\"isPartOf\":{\"@id\":\"https:\/\/calmare.atoom.space\/fr\/#website\"},\"datePublished\":\"2024-09-26T17:37:27+00:00\",\"dateModified\":\"2024-12-03T11:51:49+00:00\",\"breadcrumb\":{\"@id\":\"https:\/\/calmare.atoom.space\/fr\/politique-de-confidentialite\/#breadcrumb\"},\"inLanguage\":\"fr-FR\",\"potentialAction\":[{\"@type\":\"ReadAction\",\"target\":[\"https:\/\/calmare.atoom.space\/fr\/politique-de-confidentialite\/\"]}]},{\"@type\":\"BreadcrumbList\",\"@id\":\"https:\/\/calmare.atoom.space\/fr\/politique-de-confidentialite\/#breadcrumb\",\"itemListElement\":[{\"@type\":\"ListItem\",\"position\":1,\"name\":\"Home\",\"item\":\"https:\/\/calmare.atoom.space\/fr\/\"},{\"@type\":\"ListItem\",\"position\":2,\"name\":\"Politique de confidentialit\u00e9\"}]},{\"@type\":\"WebSite\",\"@id\":\"https:\/\/calmare.atoom.space\/fr\/#website\",\"url\":\"https:\/\/calmare.atoom.space\/fr\/\",\"name\":\"Calmare\",\"description\":\"\",\"publisher\":{\"@id\":\"https:\/\/calmare.atoom.space\/fr\/#organization\"},\"potentialAction\":[{\"@type\":\"SearchAction\",\"target\":{\"@type\":\"EntryPoint\",\"urlTemplate\":\"https:\/\/calmare.atoom.space\/fr\/?s={search_term_string}\"},\"query-input\":{\"@type\":\"PropertyValueSpecification\",\"valueRequired\":true,\"valueName\":\"search_term_string\"}}],\"inLanguage\":\"fr-FR\"},{\"@type\":\"Organization\",\"@id\":\"https:\/\/calmare.atoom.space\/fr\/#organization\",\"name\":\"Calmare\",\"url\":\"https:\/\/calmare.atoom.space\/fr\/\",\"logo\":{\"@type\":\"ImageObject\",\"inLanguage\":\"fr-FR\",\"@id\":\"https:\/\/calmare.atoom.space\/fr\/#\/schema\/logo\/image\/\",\"url\":\"https:\/\/calmare.atoom.space\/wp-content\/uploads\/2024\/11\/logo-calmare.jpg\",\"contentUrl\":\"https:\/\/calmare.atoom.space\/wp-content\/uploads\/2024\/11\/logo-calmare.jpg\",\"width\":616,\"height\":206,\"caption\":\"Calmare\"},\"image\":{\"@id\":\"https:\/\/calmare.atoom.space\/fr\/#\/schema\/logo\/image\/\"}}]}<\/script>\n<!-- \/ Yoast SEO plugin. -->","yoast_head_json":{"title":"Politique de confidentialit\u00e9 - Calmare","robots":{"index":"noindex","follow":"follow"},"og_locale":"fr_FR","og_type":"article","og_title":"Politique de confidentialit\u00e9 - Calmare","og_description":"Politique de confidentialit\u00e9 Nous pr\u00e9f\u00e9rons ne pas stocker d&rsquo;informations sur les utilisateurs si cela n&rsquo;est pas strictement n\u00e9cessaire. Toutefois, en vertu de la l\u00e9gislation locale, nous devons au moins conserver les coordonn\u00e9es de nos invit\u00e9s par le biais d&rsquo;un formulaire de contact (nom, pi\u00e8ce d&rsquo;identit\u00e9, num\u00e9ro de t\u00e9l\u00e9phone et adresse \u00e9lectronique). Nous nous engageons \u00e0 [&hellip;]","og_url":"https:\/\/calmare.atoom.space\/fr\/politique-de-confidentialite\/","og_site_name":"Calmare","article_modified_time":"2024-12-03T11:51:49+00:00","twitter_card":"summary_large_image","twitter_misc":{"Dur\u00e9e de lecture estim\u00e9e":"5 minutes"},"schema":{"@context":"https:\/\/schema.org","@graph":[{"@type":"WebPage","@id":"https:\/\/calmare.atoom.space\/fr\/politique-de-confidentialite\/","url":"https:\/\/calmare.atoom.space\/fr\/politique-de-confidentialite\/","name":"Politique de confidentialit\u00e9 - Calmare","isPartOf":{"@id":"https:\/\/calmare.atoom.space\/fr\/#website"},"datePublished":"2024-09-26T17:37:27+00:00","dateModified":"2024-12-03T11:51:49+00:00","breadcrumb":{"@id":"https:\/\/calmare.atoom.space\/fr\/politique-de-confidentialite\/#breadcrumb"},"inLanguage":"fr-FR","potentialAction":[{"@type":"ReadAction","target":["https:\/\/calmare.atoom.space\/fr\/politique-de-confidentialite\/"]}]},{"@type":"BreadcrumbList","@id":"https:\/\/calmare.atoom.space\/fr\/politique-de-confidentialite\/#breadcrumb","itemListElement":[{"@type":"ListItem","position":1,"name":"Home","item":"https:\/\/calmare.atoom.space\/fr\/"},{"@type":"ListItem","position":2,"name":"Politique de confidentialit\u00e9"}]},{"@type":"WebSite","@id":"https:\/\/calmare.atoom.space\/fr\/#website","url":"https:\/\/calmare.atoom.space\/fr\/","name":"Calmare","description":"","publisher":{"@id":"https:\/\/calmare.atoom.space\/fr\/#organization"},"potentialAction":[{"@type":"SearchAction","target":{"@type":"EntryPoint","urlTemplate":"https:\/\/calmare.atoom.space\/fr\/?s={search_term_string}"},"query-input":{"@type":"PropertyValueSpecification","valueRequired":true,"valueName":"search_term_string"}}],"inLanguage":"fr-FR"},{"@type":"Organization","@id":"https:\/\/calmare.atoom.space\/fr\/#organization","name":"Calmare","url":"https:\/\/calmare.atoom.space\/fr\/","logo":{"@type":"ImageObject","inLanguage":"fr-FR","@id":"https:\/\/calmare.atoom.space\/fr\/#\/schema\/logo\/image\/","url":"https:\/\/calmare.atoom.space\/wp-content\/uploads\/2024\/11\/logo-calmare.jpg","contentUrl":"https:\/\/calmare.atoom.space\/wp-content\/uploads\/2024\/11\/logo-calmare.jpg","width":616,"height":206,"caption":"Calmare"},"image":{"@id":"https:\/\/calmare.atoom.space\/fr\/#\/schema\/logo\/image\/"}}]}},"_links":{"self":[{"href":"https:\/\/calmare.atoom.space\/fr\/wp-json\/wp\/v2\/pages\/2291","targetHints":{"allow":["GET"]}}],"collection":[{"href":"https:\/\/calmare.atoom.space\/fr\/wp-json\/wp\/v2\/pages"}],"about":[{"href":"https:\/\/calmare.atoom.space\/fr\/wp-json\/wp\/v2\/types\/page"}],"author":[{"embeddable":true,"href":"https:\/\/calmare.atoom.space\/fr\/wp-json\/wp\/v2\/users\/1"}],"replies":[{"embeddable":true,"href":"https:\/\/calmare.atoom.space\/fr\/wp-json\/wp\/v2\/comments?post=2291"}],"version-history":[{"count":2,"href":"https:\/\/calmare.atoom.space\/fr\/wp-json\/wp\/v2\/pages\/2291\/revisions"}],"predecessor-version":[{"id":2599,"href":"https:\/\/calmare.atoom.space\/fr\/wp-json\/wp\/v2\/pages\/2291\/revisions\/2599"}],"wp:attachment":[{"href":"https:\/\/calmare.atoom.space\/fr\/wp-json\/wp\/v2\/media?parent=2291"}],"curies":[{"name":"wp","href":"https:\/\/api.w.org\/{rel}","templated":true}]}}