{"id":2246,"date":"2024-11-06T17:27:20","date_gmt":"2024-11-06T16:27:20","guid":{"rendered":"https:\/\/calmare.atoom.space\/politique-dannulation\/"},"modified":"2024-12-03T12:42:39","modified_gmt":"2024-12-03T11:42:39","slug":"politique-dannulation","status":"publish","type":"page","link":"https:\/\/calmare.atoom.space\/fr\/politique-dannulation\/","title":{"rendered":"Politique d&rsquo;annulation"},"content":{"rendered":"\t\t<div data-elementor-type=\"wp-page\" data-elementor-id=\"2246\" class=\"elementor elementor-2246 elementor-214\" data-elementor-post-type=\"page\">\n\t\t\t\t<div class=\"elementor-element elementor-element-1c38720 e-flex e-con-boxed e-con e-parent\" data-id=\"1c38720\" data-element_type=\"container\">\n\t\t\t\t\t<div class=\"e-con-inner\">\n\t\t\t\t<div class=\"elementor-element elementor-element-c125d81 elementor-widget elementor-widget-heading\" data-id=\"c125d81\" data-element_type=\"widget\" data-widget_type=\"heading.default\">\n\t\t\t\t<div class=\"elementor-widget-container\">\n\t\t\t<h1 class=\"elementor-heading-title elementor-size-default\">Politique d'annulation<\/h1>\t\t<\/div>\n\t\t\t\t<\/div>\n\t\t<div class=\"elementor-element elementor-element-6cf1cb6 e-con-full e-flex e-con e-child\" data-id=\"6cf1cb6\" data-element_type=\"container\">\n\t\t<div class=\"elementor-element elementor-element-9a8c586 e-con-full e-flex e-con e-child\" data-id=\"9a8c586\" data-element_type=\"container\">\n\t\t\t\t<div class=\"elementor-element elementor-element-cfff347 elementor-widget elementor-widget-heading\" data-id=\"cfff347\" data-element_type=\"widget\" data-widget_type=\"heading.default\">\n\t\t\t\t<div class=\"elementor-widget-container\">\n\t\t\t<h2 class=\"elementor-heading-title elementor-size-default\">Choisissez la meilleure option pour vous.<\/h2>\t\t<\/div>\n\t\t\t\t<\/div>\n\t\t\t\t<\/div>\n\t\t<div class=\"elementor-element elementor-element-6126846 e-con-full e-flex e-con e-child\" data-id=\"6126846\" data-element_type=\"container\">\n\t\t\t\t<div class=\"elementor-element elementor-element-f1e032b elementor-widget elementor-widget-text-editor\" data-id=\"f1e032b\" data-element_type=\"widget\" data-widget_type=\"text-editor.default\">\n\t\t\t\t<div class=\"elementor-widget-container\">\n\t\t\t\t\t\t\t<p>Afin de faciliter la vie de nos clients, nous proposons une politique d&rsquo;annulation flexible et une option de non-remboursement \u00e0 prix r\u00e9duit. Veuillez lire les d\u00e9tails ci-dessous. <\/p>\n\t\t\t\t\t\t<\/div>\n\t\t\t\t<\/div>\n\t\t\t\t<\/div>\n\t\t\t\t<\/div>\n\t\t\t\t\t<\/div>\n\t\t\t\t<\/div>\n\t\t<div class=\"elementor-element elementor-element-9b1b187 e-flex e-con-boxed e-con e-parent\" data-id=\"9b1b187\" data-element_type=\"container\">\n\t\t\t\t\t<div class=\"e-con-inner\">\n\t\t<div class=\"elementor-element elementor-element-d055e63 e-con-full e-flex e-con e-child\" data-id=\"d055e63\" data-element_type=\"container\">\n\t\t\t\t<div class=\"elementor-element elementor-element-22a732d elementor-widget elementor-widget-heading\" data-id=\"22a732d\" data-element_type=\"widget\" data-widget_type=\"heading.default\">\n\t\t\t\t<div class=\"elementor-widget-container\">\n\t\t\t<h2 class=\"elementor-heading-title elementor-size-default\">Flexible (politique par d\u00e9faut)<\/h2>\t\t<\/div>\n\t\t\t\t<\/div>\n\t\t\t\t<div class=\"elementor-element elementor-element-3684118 elementor-widget elementor-widget-text-editor\" data-id=\"3684118\" data-element_type=\"widget\" data-widget_type=\"text-editor.default\">\n\t\t\t\t<div class=\"elementor-widget-container\">\n\t\t\t\t\t\t\t<p>Par d\u00e9faut, nous offrons un remboursement int\u00e9gral pour les annulations effectu\u00e9es jusqu&rsquo;\u00e0 30 jours avant l&rsquo;enregistrement. Si la r\u00e9servation est effectu\u00e9e moins de 30 jours avant l&rsquo;arriv\u00e9e, le remboursement est int\u00e9gral pour les annulations effectu\u00e9es dans les 48 heures suivant la r\u00e9servation et au moins 14 jours avant l&rsquo;arriv\u00e9e. Ensuite, remboursement de 50 % jusqu&rsquo;\u00e0 7 jours avant l&rsquo;enregistrement. Aucun remboursement apr\u00e8s cela.   <\/p>\n\t\t\t\t\t\t<\/div>\n\t\t\t\t<\/div>\n\t\t\t\t<\/div>\n\t\t<div class=\"elementor-element elementor-element-c2b7efa e-con-full e-flex e-con e-child\" data-id=\"c2b7efa\" data-element_type=\"container\">\n\t\t\t\t<div class=\"elementor-element elementor-element-e5da802 elementor-widget elementor-widget-heading\" data-id=\"e5da802\" data-element_type=\"widget\" data-widget_type=\"heading.default\">\n\t\t\t\t<div class=\"elementor-widget-container\">\n\t\t\t<h2 class=\"elementor-heading-title elementor-size-default\">Non remboursable (facultatif)  <\/h2>\t\t<\/div>\n\t\t\t\t<\/div>\n\t\t\t\t<div class=\"elementor-element elementor-element-6100ae8 elementor-widget elementor-widget-text-editor\" data-id=\"6100ae8\" data-element_type=\"widget\" data-widget_type=\"text-editor.default\">\n\t\t\t\t<div class=\"elementor-widget-container\">\n\t\t\t\t\t\t\t<p>Les clients peuvent choisir une option non remboursable et obtenir une r\u00e9duction de 10 % sur le prix de base. Nous conservons l&rsquo;int\u00e9gralit\u00e9 de la somme vers\u00e9e en cas d&rsquo;annulation, moins les frais de nettoyage si l&rsquo;annulation a lieu avant l&rsquo;arriv\u00e9e. Veuillez nous contacter si vous souhaitez appliquer cette politique, afin que nous puissions calculer la r\u00e9duction exacte pour vous.   <\/p>\n\t\t\t\t\t\t<\/div>\n\t\t\t\t<\/div>\n\t\t\t\t<\/div>\n\t\t<div class=\"elementor-element elementor-element-1f9d993 e-con-full e-flex e-con e-child\" data-id=\"1f9d993\" data-element_type=\"container\" data-settings=\"{&quot;background_background&quot;:&quot;classic&quot;}\">\n\t\t\t\t<div class=\"elementor-element elementor-element-9e08ab8 elementor-widget elementor-widget-text-editor\" data-id=\"9e08ab8\" data-element_type=\"widget\" data-widget_type=\"text-editor.default\">\n\t\t\t\t<div class=\"elementor-widget-container\">\n\t\t\t\t\t\t\t<p>Si vous devez annuler votre r\u00e9servation, veuillez nous en informer uniquement par courrier \u00e9lectronique \u00e0 l&rsquo;adresse suivante : info@dreamingmyway.com.<\/p>\n<p>Nous vous recommandons de souscrire une assurance voyage. Les pr\u00e9sentes conditions g\u00e9n\u00e9rales sont automatiquement accept\u00e9es une fois la r\u00e9servation effectu\u00e9e. Nous nous r\u00e9servons le droit de modifier ces conditions \u00e0 tout moment.  <\/p>\n\t\t\t\t\t\t<\/div>\n\t\t\t\t<\/div>\n\t\t\t\t<\/div>\n\t\t\t\t\t<\/div>\n\t\t\t\t<\/div>\n\t\t\t\t<\/div>\n\t\t","protected":false},"excerpt":{"rendered":"<p>Politique d&rsquo;annulation Choisissez la meilleure option pour vous. Afin de faciliter la vie de nos clients, nous proposons une politique d&rsquo;annulation flexible et une option de non-remboursement \u00e0 prix r\u00e9duit. Veuillez lire les d\u00e9tails ci-dessous. Flexible (politique par d\u00e9faut) Par d\u00e9faut, nous offrons un remboursement int\u00e9gral pour les annulations effectu\u00e9es jusqu&rsquo;\u00e0 30 jours avant l&rsquo;enregistrement. [&hellip;]<\/p>\n","protected":false},"author":1,"featured_media":0,"parent":0,"menu_order":0,"comment_status":"closed","ping_status":"closed","template":"","meta":{"_acf_changed":false,"footnotes":""},"class_list":["post-2246","page","type-page","status-publish","hentry"],"acf":[],"yoast_head":"<!-- This site is optimized with the Yoast SEO plugin v24.0 - https:\/\/yoast.com\/wordpress\/plugins\/seo\/ -->\n<title>Politique d&#039;annulation - Calmare<\/title>\n<meta name=\"robots\" content=\"noindex, follow\" \/>\n<meta property=\"og:locale\" content=\"fr_FR\" \/>\n<meta property=\"og:type\" content=\"article\" \/>\n<meta property=\"og:title\" content=\"Politique d&#039;annulation - Calmare\" \/>\n<meta property=\"og:description\" content=\"Politique d&rsquo;annulation Choisissez la meilleure option pour vous. Afin de faciliter la vie de nos clients, nous proposons une politique d&rsquo;annulation flexible et une option de non-remboursement \u00e0 prix r\u00e9duit. Veuillez lire les d\u00e9tails ci-dessous. Flexible (politique par d\u00e9faut) Par d\u00e9faut, nous offrons un remboursement int\u00e9gral pour les annulations effectu\u00e9es jusqu&rsquo;\u00e0 30 jours avant l&rsquo;enregistrement. [&hellip;]\" \/>\n<meta property=\"og:url\" content=\"https:\/\/calmare.atoom.space\/fr\/politique-dannulation\/\" \/>\n<meta property=\"og:site_name\" content=\"Calmare\" \/>\n<meta property=\"article:modified_time\" content=\"2024-12-03T11:42:39+00:00\" \/>\n<meta name=\"twitter:card\" content=\"summary_large_image\" \/>\n<meta name=\"twitter:label1\" content=\"Dur\u00e9e de lecture estim\u00e9e\" \/>\n\t<meta name=\"twitter:data1\" content=\"1 minute\" \/>\n<script type=\"application\/ld+json\" class=\"yoast-schema-graph\">{\"@context\":\"https:\/\/schema.org\",\"@graph\":[{\"@type\":\"WebPage\",\"@id\":\"https:\/\/calmare.atoom.space\/fr\/politique-dannulation\/\",\"url\":\"https:\/\/calmare.atoom.space\/fr\/politique-dannulation\/\",\"name\":\"Politique d'annulation - Calmare\",\"isPartOf\":{\"@id\":\"https:\/\/calmare.atoom.space\/fr\/#website\"},\"datePublished\":\"2024-11-06T16:27:20+00:00\",\"dateModified\":\"2024-12-03T11:42:39+00:00\",\"breadcrumb\":{\"@id\":\"https:\/\/calmare.atoom.space\/fr\/politique-dannulation\/#breadcrumb\"},\"inLanguage\":\"fr-FR\",\"potentialAction\":[{\"@type\":\"ReadAction\",\"target\":[\"https:\/\/calmare.atoom.space\/fr\/politique-dannulation\/\"]}]},{\"@type\":\"BreadcrumbList\",\"@id\":\"https:\/\/calmare.atoom.space\/fr\/politique-dannulation\/#breadcrumb\",\"itemListElement\":[{\"@type\":\"ListItem\",\"position\":1,\"name\":\"Home\",\"item\":\"https:\/\/calmare.atoom.space\/fr\/\"},{\"@type\":\"ListItem\",\"position\":2,\"name\":\"Politique d&rsquo;annulation\"}]},{\"@type\":\"WebSite\",\"@id\":\"https:\/\/calmare.atoom.space\/fr\/#website\",\"url\":\"https:\/\/calmare.atoom.space\/fr\/\",\"name\":\"Calmare\",\"description\":\"\",\"publisher\":{\"@id\":\"https:\/\/calmare.atoom.space\/fr\/#organization\"},\"potentialAction\":[{\"@type\":\"SearchAction\",\"target\":{\"@type\":\"EntryPoint\",\"urlTemplate\":\"https:\/\/calmare.atoom.space\/fr\/?s={search_term_string}\"},\"query-input\":{\"@type\":\"PropertyValueSpecification\",\"valueRequired\":true,\"valueName\":\"search_term_string\"}}],\"inLanguage\":\"fr-FR\"},{\"@type\":\"Organization\",\"@id\":\"https:\/\/calmare.atoom.space\/fr\/#organization\",\"name\":\"Calmare\",\"url\":\"https:\/\/calmare.atoom.space\/fr\/\",\"logo\":{\"@type\":\"ImageObject\",\"inLanguage\":\"fr-FR\",\"@id\":\"https:\/\/calmare.atoom.space\/fr\/#\/schema\/logo\/image\/\",\"url\":\"https:\/\/calmare.atoom.space\/wp-content\/uploads\/2024\/11\/logo-calmare.jpg\",\"contentUrl\":\"https:\/\/calmare.atoom.space\/wp-content\/uploads\/2024\/11\/logo-calmare.jpg\",\"width\":616,\"height\":206,\"caption\":\"Calmare\"},\"image\":{\"@id\":\"https:\/\/calmare.atoom.space\/fr\/#\/schema\/logo\/image\/\"}}]}<\/script>\n<!-- \/ Yoast SEO plugin. -->","yoast_head_json":{"title":"Politique d'annulation - Calmare","robots":{"index":"noindex","follow":"follow"},"og_locale":"fr_FR","og_type":"article","og_title":"Politique d'annulation - Calmare","og_description":"Politique d&rsquo;annulation Choisissez la meilleure option pour vous. Afin de faciliter la vie de nos clients, nous proposons une politique d&rsquo;annulation flexible et une option de non-remboursement \u00e0 prix r\u00e9duit. Veuillez lire les d\u00e9tails ci-dessous. Flexible (politique par d\u00e9faut) Par d\u00e9faut, nous offrons un remboursement int\u00e9gral pour les annulations effectu\u00e9es jusqu&rsquo;\u00e0 30 jours avant l&rsquo;enregistrement. [&hellip;]","og_url":"https:\/\/calmare.atoom.space\/fr\/politique-dannulation\/","og_site_name":"Calmare","article_modified_time":"2024-12-03T11:42:39+00:00","twitter_card":"summary_large_image","twitter_misc":{"Dur\u00e9e de lecture estim\u00e9e":"1 minute"},"schema":{"@context":"https:\/\/schema.org","@graph":[{"@type":"WebPage","@id":"https:\/\/calmare.atoom.space\/fr\/politique-dannulation\/","url":"https:\/\/calmare.atoom.space\/fr\/politique-dannulation\/","name":"Politique d'annulation - Calmare","isPartOf":{"@id":"https:\/\/calmare.atoom.space\/fr\/#website"},"datePublished":"2024-11-06T16:27:20+00:00","dateModified":"2024-12-03T11:42:39+00:00","breadcrumb":{"@id":"https:\/\/calmare.atoom.space\/fr\/politique-dannulation\/#breadcrumb"},"inLanguage":"fr-FR","potentialAction":[{"@type":"ReadAction","target":["https:\/\/calmare.atoom.space\/fr\/politique-dannulation\/"]}]},{"@type":"BreadcrumbList","@id":"https:\/\/calmare.atoom.space\/fr\/politique-dannulation\/#breadcrumb","itemListElement":[{"@type":"ListItem","position":1,"name":"Home","item":"https:\/\/calmare.atoom.space\/fr\/"},{"@type":"ListItem","position":2,"name":"Politique d&rsquo;annulation"}]},{"@type":"WebSite","@id":"https:\/\/calmare.atoom.space\/fr\/#website","url":"https:\/\/calmare.atoom.space\/fr\/","name":"Calmare","description":"","publisher":{"@id":"https:\/\/calmare.atoom.space\/fr\/#organization"},"potentialAction":[{"@type":"SearchAction","target":{"@type":"EntryPoint","urlTemplate":"https:\/\/calmare.atoom.space\/fr\/?s={search_term_string}"},"query-input":{"@type":"PropertyValueSpecification","valueRequired":true,"valueName":"search_term_string"}}],"inLanguage":"fr-FR"},{"@type":"Organization","@id":"https:\/\/calmare.atoom.space\/fr\/#organization","name":"Calmare","url":"https:\/\/calmare.atoom.space\/fr\/","logo":{"@type":"ImageObject","inLanguage":"fr-FR","@id":"https:\/\/calmare.atoom.space\/fr\/#\/schema\/logo\/image\/","url":"https:\/\/calmare.atoom.space\/wp-content\/uploads\/2024\/11\/logo-calmare.jpg","contentUrl":"https:\/\/calmare.atoom.space\/wp-content\/uploads\/2024\/11\/logo-calmare.jpg","width":616,"height":206,"caption":"Calmare"},"image":{"@id":"https:\/\/calmare.atoom.space\/fr\/#\/schema\/logo\/image\/"}}]}},"_links":{"self":[{"href":"https:\/\/calmare.atoom.space\/fr\/wp-json\/wp\/v2\/pages\/2246","targetHints":{"allow":["GET"]}}],"collection":[{"href":"https:\/\/calmare.atoom.space\/fr\/wp-json\/wp\/v2\/pages"}],"about":[{"href":"https:\/\/calmare.atoom.space\/fr\/wp-json\/wp\/v2\/types\/page"}],"author":[{"embeddable":true,"href":"https:\/\/calmare.atoom.space\/fr\/wp-json\/wp\/v2\/users\/1"}],"replies":[{"embeddable":true,"href":"https:\/\/calmare.atoom.space\/fr\/wp-json\/wp\/v2\/comments?post=2246"}],"version-history":[{"count":1,"href":"https:\/\/calmare.atoom.space\/fr\/wp-json\/wp\/v2\/pages\/2246\/revisions"}],"predecessor-version":[{"id":2247,"href":"https:\/\/calmare.atoom.space\/fr\/wp-json\/wp\/v2\/pages\/2246\/revisions\/2247"}],"wp:attachment":[{"href":"https:\/\/calmare.atoom.space\/fr\/wp-json\/wp\/v2\/media?parent=2246"}],"curies":[{"name":"wp","href":"https:\/\/api.w.org\/{rel}","templated":true}]}}