{"id":2237,"date":"2024-11-06T17:27:27","date_gmt":"2024-11-06T16:27:27","guid":{"rendered":"https:\/\/calmare.atoom.space\/reglement-interieur\/"},"modified":"2024-12-03T12:44:44","modified_gmt":"2024-12-03T11:44:44","slug":"reglement-interieur","status":"publish","type":"page","link":"https:\/\/calmare.atoom.space\/fr\/reglement-interieur\/","title":{"rendered":"R\u00e8glement int\u00e9rieur"},"content":{"rendered":"\t\t<div data-elementor-type=\"wp-page\" data-elementor-id=\"2237\" class=\"elementor elementor-2237 elementor-216\" data-elementor-post-type=\"page\">\n\t\t\t\t<div class=\"elementor-element elementor-element-ba6fa63 e-flex e-con-boxed e-con e-parent\" data-id=\"ba6fa63\" data-element_type=\"container\">\n\t\t\t\t\t<div class=\"e-con-inner\">\n\t\t\t\t<div class=\"elementor-element elementor-element-bb2263f elementor-widget elementor-widget-heading\" data-id=\"bb2263f\" data-element_type=\"widget\" data-widget_type=\"heading.default\">\n\t\t\t\t<div class=\"elementor-widget-container\">\n\t\t\t<h1 class=\"elementor-heading-title elementor-size-default\">R\u00e8glement int\u00e9rieur<\/h1>\t\t<\/div>\n\t\t\t\t<\/div>\n\t\t<div class=\"elementor-element elementor-element-73f6a4e e-con-full e-flex e-con e-child\" data-id=\"73f6a4e\" data-element_type=\"container\">\n\t\t<div class=\"elementor-element elementor-element-226a39d e-con-full e-flex e-con e-child\" data-id=\"226a39d\" data-element_type=\"container\">\n\t\t\t\t<div class=\"elementor-element elementor-element-6084b46 elementor-widget elementor-widget-heading\" data-id=\"6084b46\" data-element_type=\"widget\" data-widget_type=\"heading.default\">\n\t\t\t\t<div class=\"elementor-widget-container\">\n\t\t\t<h2 class=\"elementor-heading-title elementor-size-default\">Calmare est un espace o\u00f9 vous vous sentez toujours libre et en s\u00e9curit\u00e9.<\/h2>\t\t<\/div>\n\t\t\t\t<\/div>\n\t\t\t\t<\/div>\n\t\t<div class=\"elementor-element elementor-element-fb8a177 e-con-full e-flex e-con e-child\" data-id=\"fb8a177\" data-element_type=\"container\">\n\t\t\t\t<div class=\"elementor-element elementor-element-8a04fc2 elementor-widget elementor-widget-text-editor\" data-id=\"8a04fc2\" data-element_type=\"widget\" data-widget_type=\"text-editor.default\">\n\t\t\t\t<div class=\"elementor-widget-container\">\n\t\t\t\t\t\t\t<p>Quelques r\u00e8gles doivent \u00eatre respect\u00e9es afin de garantir votre plaisir et celui des autres invit\u00e9s. Veuillez lire attentivement les instructions ci-dessous et nous contacter si vous avez des doutes. <\/p>\n\t\t\t\t\t\t<\/div>\n\t\t\t\t<\/div>\n\t\t\t\t<\/div>\n\t\t\t\t<\/div>\n\t\t\t\t\t<\/div>\n\t\t\t\t<\/div>\n\t\t<div class=\"elementor-element elementor-element-7bfa4e6 e-flex e-con-boxed e-con e-parent\" data-id=\"7bfa4e6\" data-element_type=\"container\">\n\t\t\t\t\t<div class=\"e-con-inner\">\n\t\t<div class=\"elementor-element elementor-element-10d1d82 e-con-full e-flex e-con e-child\" data-id=\"10d1d82\" data-element_type=\"container\">\n\t\t\t\t<div class=\"elementor-element elementor-element-e39b991 elementor-widget elementor-widget-heading\" data-id=\"e39b991\" data-element_type=\"widget\" data-widget_type=\"heading.default\">\n\t\t\t\t<div class=\"elementor-widget-container\">\n\t\t\t<h2 class=\"elementor-heading-title elementor-size-default\">Respect<\/h2>\t\t<\/div>\n\t\t\t\t<\/div>\n\t\t\t\t<div class=\"elementor-element elementor-element-04b25fe elementor-widget elementor-widget-text-editor\" data-id=\"04b25fe\" data-element_type=\"widget\" data-widget_type=\"text-editor.default\">\n\t\t\t\t<div class=\"elementor-widget-container\">\n\t\t\t\t\t\t\t<p>Veuillez traiter notre maison avec le m\u00eame respect que vous le feriez pour votre propre maison. Nous avons fait beaucoup d&rsquo;efforts pour en faire un espace agr\u00e9able dont nos h\u00f4tes pourront profiter. <\/p>\n\t\t\t\t\t\t<\/div>\n\t\t\t\t<\/div>\n\t\t\t\t<\/div>\n\t\t<div class=\"elementor-element elementor-element-044079c e-con-full e-flex e-con e-child\" data-id=\"044079c\" data-element_type=\"container\">\n\t\t\t\t<div class=\"elementor-element elementor-element-664496c elementor-widget elementor-widget-heading\" data-id=\"664496c\" data-element_type=\"widget\" data-widget_type=\"heading.default\">\n\t\t\t\t<div class=\"elementor-widget-container\">\n\t\t\t<h2 class=\"elementor-heading-title elementor-size-default\">Propret\u00e9<\/h2>\t\t<\/div>\n\t\t\t\t<\/div>\n\t\t\t\t<div class=\"elementor-element elementor-element-1614f4e elementor-widget elementor-widget-text-editor\" data-id=\"1614f4e\" data-element_type=\"widget\" data-widget_type=\"text-editor.default\">\n\t\t\t\t<div class=\"elementor-widget-container\">\n\t\t\t\t\t\t\t<p>Veillez \u00e0 maintenir un bon niveau de propret\u00e9 tout au long de votre s\u00e9jour, cela vous facilitera la t\u00e2che \u00e0 l&rsquo;heure du d\u00e9part !<\/p>\n\t\t\t\t\t\t<\/div>\n\t\t\t\t<\/div>\n\t\t\t\t<\/div>\n\t\t<div class=\"elementor-element elementor-element-14179cc e-con-full e-flex e-con e-child\" data-id=\"14179cc\" data-element_type=\"container\">\n\t\t\t\t<div class=\"elementor-element elementor-element-c3547f8 elementor-widget elementor-widget-heading\" data-id=\"c3547f8\" data-element_type=\"widget\" data-widget_type=\"heading.default\">\n\t\t\t\t<div class=\"elementor-widget-container\">\n\t\t\t<h2 class=\"elementor-heading-title elementor-size-default\">Dommages aux biens<\/h2>\t\t<\/div>\n\t\t\t\t<\/div>\n\t\t\t\t<div class=\"elementor-element elementor-element-1786618 elementor-widget elementor-widget-text-editor\" data-id=\"1786618\" data-element_type=\"widget\" data-widget_type=\"text-editor.default\">\n\t\t\t\t<div class=\"elementor-widget-container\">\n\t\t\t\t\t\t\t<p>En cas de dommage accidentel, nous examinerons le probl\u00e8me en interne afin de d\u00e9cider si la d\u00e9duction ou le co\u00fbt de la r\u00e9paration est n\u00e9cessaire et quel en sera le montant.<\/p>\n\t\t\t\t\t\t<\/div>\n\t\t\t\t<\/div>\n\t\t\t\t<\/div>\n\t\t<div class=\"elementor-element elementor-element-fafa1c5 e-con-full e-flex e-con e-child\" data-id=\"fafa1c5\" data-element_type=\"container\">\n\t\t\t\t<div class=\"elementor-element elementor-element-9e869ee elementor-widget elementor-widget-heading\" data-id=\"9e869ee\" data-element_type=\"widget\" data-widget_type=\"heading.default\">\n\t\t\t\t<div class=\"elementor-widget-container\">\n\t\t\t<h2 class=\"elementor-heading-title elementor-size-default\">Le silence<\/h2>\t\t<\/div>\n\t\t\t\t<\/div>\n\t\t\t\t<div class=\"elementor-element elementor-element-5431b66 elementor-widget elementor-widget-text-editor\" data-id=\"5431b66\" data-element_type=\"widget\" data-widget_type=\"text-editor.default\">\n\t\t\t\t<div class=\"elementor-widget-container\">\n\t\t\t\t\t\t\t<p>Nous esp\u00e9rons que vous passerez de bons moments et que vous rirez beaucoup pendant vos vacances ! Toutefois, nous vous serions reconnaissants de bien vouloir faire attention et de r\u00e9duire le bruit au minimum pendant les heures de la nuit (23h-7h). <\/p>\n\t\t\t\t\t\t<\/div>\n\t\t\t\t<\/div>\n\t\t\t\t<\/div>\n\t\t<div class=\"elementor-element elementor-element-ccc05a0 e-con-full e-flex e-con e-child\" data-id=\"ccc05a0\" data-element_type=\"container\">\n\t\t\t\t<div class=\"elementor-element elementor-element-5a87738 elementor-widget elementor-widget-heading\" data-id=\"5a87738\" data-element_type=\"widget\" data-widget_type=\"heading.default\">\n\t\t\t\t<div class=\"elementor-widget-container\">\n\t\t\t<h2 class=\"elementor-heading-title elementor-size-default\">Fum\u00e9e<\/h2>\t\t<\/div>\n\t\t\t\t<\/div>\n\t\t\t\t<div class=\"elementor-element elementor-element-61c867e elementor-widget elementor-widget-text-editor\" data-id=\"61c867e\" data-element_type=\"widget\" data-widget_type=\"text-editor.default\">\n\t\t\t\t<div class=\"elementor-widget-container\">\n\t\t\t\t\t\t\t<p>Ne fumez pas dans la maison, vous avez suffisamment d&rsquo;espace pour le faire \u00e0 l&rsquo;ext\u00e9rieur et pr\u00e9server l&rsquo;air frais de la maison pour les autres h\u00f4tes.<\/p>\n\t\t\t\t\t\t<\/div>\n\t\t\t\t<\/div>\n\t\t\t\t<\/div>\n\t\t<div class=\"elementor-element elementor-element-57ade6d e-con-full e-flex e-con e-child\" data-id=\"57ade6d\" data-element_type=\"container\">\n\t\t\t\t<div class=\"elementor-element elementor-element-2d79745 elementor-widget elementor-widget-heading\" data-id=\"2d79745\" data-element_type=\"widget\" data-widget_type=\"heading.default\">\n\t\t\t\t<div class=\"elementor-widget-container\">\n\t\t\t<h2 class=\"elementor-heading-title elementor-size-default\">Check-out<\/h2>\t\t<\/div>\n\t\t\t\t<\/div>\n\t\t\t\t<div class=\"elementor-element elementor-element-a07a262 elementor-widget elementor-widget-text-editor\" data-id=\"a07a262\" data-element_type=\"widget\" data-widget_type=\"text-editor.default\">\n\t\t\t\t<div class=\"elementor-widget-container\">\n\t\t\t\t\t\t\t<p>Le d\u00e9part se fait \u00e0 11 heures. Veuillez nous contacter pour convenir d&rsquo;une autre heure et nous essaierons de vous aider.<\/p>\n\t\t\t\t\t\t<\/div>\n\t\t\t\t<\/div>\n\t\t\t\t<\/div>\n\t\t<div class=\"elementor-element elementor-element-00186d1 e-con-full e-flex e-con e-child\" data-id=\"00186d1\" data-element_type=\"container\">\n\t\t\t\t<div class=\"elementor-element elementor-element-05c3934 elementor-widget elementor-widget-heading\" data-id=\"05c3934\" data-element_type=\"widget\" data-widget_type=\"heading.default\">\n\t\t\t\t<div class=\"elementor-widget-container\">\n\t\t\t<h2 class=\"elementor-heading-title elementor-size-default\">Animaux de compagnie<\/h2>\t\t<\/div>\n\t\t\t\t<\/div>\n\t\t\t\t<div class=\"elementor-element elementor-element-1452d02 elementor-widget elementor-widget-text-editor\" data-id=\"1452d02\" data-element_type=\"widget\" data-widget_type=\"text-editor.default\">\n\t\t\t\t<div class=\"elementor-widget-container\">\n\t\t\t\t\t\t\t<p>Les animaux de petite taille sont autoris\u00e9s, mais veillez \u00e0 garder la maison propre comme vous le feriez s&rsquo;il s&rsquo;agissait de vos enfants.<\/p>\n\t\t\t\t\t\t<\/div>\n\t\t\t\t<\/div>\n\t\t\t\t<\/div>\n\t\t<div class=\"elementor-element elementor-element-13421c0 e-con-full e-flex e-con e-child\" data-id=\"13421c0\" data-element_type=\"container\">\n\t\t\t\t<div class=\"elementor-element elementor-element-cd681d9 elementor-widget elementor-widget-heading\" data-id=\"cd681d9\" data-element_type=\"widget\" data-widget_type=\"heading.default\">\n\t\t\t\t<div class=\"elementor-widget-container\">\n\t\t\t<h2 class=\"elementor-heading-title elementor-size-default\">Autres<\/h2>\t\t<\/div>\n\t\t\t\t<\/div>\n\t\t\t\t<div class=\"elementor-element elementor-element-74e8c55 elementor-widget elementor-widget-text-editor\" data-id=\"74e8c55\" data-element_type=\"widget\" data-widget_type=\"text-editor.default\">\n\t\t\t\t<div class=\"elementor-widget-container\">\n\t\t\t\t\t\t\t<p>Veuillez vous assurer de lire et de bien comprendre le r\u00e8glement int\u00e9rieur au d\u00e9but de votre s\u00e9jour. Si quelque chose n&rsquo;est pas clair, veuillez nous contacter pour que nous puissions vous expliquer plus en d\u00e9tail afin d&rsquo;\u00e9viter tout malentendu. <\/p>\n\t\t\t\t\t\t<\/div>\n\t\t\t\t<\/div>\n\t\t\t\t<\/div>\n\t\t\t\t<div class=\"elementor-element elementor-element-8d61a26 elementor-widget elementor-widget-text-editor\" data-id=\"8d61a26\" data-element_type=\"widget\" data-widget_type=\"text-editor.default\">\n\t\t\t\t<div class=\"elementor-widget-container\">\n\t\t\t\t\t\t\t<p>Amusez-vous bien ! C&rsquo;est votre p\u00e9riode de vacances et nous esp\u00e9rons que vous profiterez au maximum de notre maison, de ses \u00e9quipements et de la possibilit\u00e9 de vous d\u00e9tendre et de visiter les environs. <\/p>\n\t\t\t\t\t\t<\/div>\n\t\t\t\t<\/div>\n\t\t\t\t\t<\/div>\n\t\t\t\t<\/div>\n\t\t\t\t<\/div>\n\t\t","protected":false},"excerpt":{"rendered":"<p>R\u00e8glement int\u00e9rieur Calmare est un espace o\u00f9 vous vous sentez toujours libre et en s\u00e9curit\u00e9. Quelques r\u00e8gles doivent \u00eatre respect\u00e9es afin de garantir votre plaisir et celui des autres invit\u00e9s. Veuillez lire attentivement les instructions ci-dessous et nous contacter si vous avez des doutes. Respect Veuillez traiter notre maison avec le m\u00eame respect que vous [&hellip;]<\/p>\n","protected":false},"author":1,"featured_media":0,"parent":0,"menu_order":0,"comment_status":"closed","ping_status":"closed","template":"","meta":{"_acf_changed":false,"footnotes":""},"class_list":["post-2237","page","type-page","status-publish","hentry"],"acf":[],"yoast_head":"<!-- This site is optimized with the Yoast SEO plugin v24.0 - https:\/\/yoast.com\/wordpress\/plugins\/seo\/ -->\n<title>R\u00e8glement int\u00e9rieur - Calmare<\/title>\n<meta name=\"robots\" content=\"noindex, follow, max-snippet:-1, max-image-preview:large, max-video-preview:-1\" \/>\n<meta property=\"og:locale\" content=\"fr_FR\" \/>\n<meta property=\"og:type\" content=\"article\" \/>\n<meta property=\"og:title\" content=\"R\u00e8glement int\u00e9rieur - Calmare\" \/>\n<meta property=\"og:description\" content=\"R\u00e8glement int\u00e9rieur Calmare est un espace o\u00f9 vous vous sentez toujours libre et en s\u00e9curit\u00e9. Quelques r\u00e8gles doivent \u00eatre respect\u00e9es afin de garantir votre plaisir et celui des autres invit\u00e9s. Veuillez lire attentivement les instructions ci-dessous et nous contacter si vous avez des doutes. Respect Veuillez traiter notre maison avec le m\u00eame respect que vous [&hellip;]\" \/>\n<meta property=\"og:url\" content=\"https:\/\/calmare.atoom.space\/fr\/reglement-interieur\/\" \/>\n<meta property=\"og:site_name\" content=\"Calmare\" \/>\n<meta property=\"article:modified_time\" content=\"2024-12-03T11:44:44+00:00\" \/>\n<meta name=\"twitter:card\" content=\"summary_large_image\" \/>\n<meta name=\"twitter:label1\" content=\"Dur\u00e9e de lecture estim\u00e9e\" \/>\n\t<meta name=\"twitter:data1\" content=\"2 minutes\" \/>\n<script type=\"application\/ld+json\" class=\"yoast-schema-graph\">{\"@context\":\"https:\/\/schema.org\",\"@graph\":[{\"@type\":\"WebPage\",\"@id\":\"https:\/\/calmare.atoom.space\/fr\/reglement-interieur\/\",\"url\":\"https:\/\/calmare.atoom.space\/fr\/reglement-interieur\/\",\"name\":\"R\u00e8glement int\u00e9rieur - Calmare\",\"isPartOf\":{\"@id\":\"https:\/\/calmare.atoom.space\/fr\/#website\"},\"datePublished\":\"2024-11-06T16:27:27+00:00\",\"dateModified\":\"2024-12-03T11:44:44+00:00\",\"breadcrumb\":{\"@id\":\"https:\/\/calmare.atoom.space\/fr\/reglement-interieur\/#breadcrumb\"},\"inLanguage\":\"fr-FR\",\"potentialAction\":[{\"@type\":\"ReadAction\",\"target\":[\"https:\/\/calmare.atoom.space\/fr\/reglement-interieur\/\"]}]},{\"@type\":\"BreadcrumbList\",\"@id\":\"https:\/\/calmare.atoom.space\/fr\/reglement-interieur\/#breadcrumb\",\"itemListElement\":[{\"@type\":\"ListItem\",\"position\":1,\"name\":\"Home\",\"item\":\"https:\/\/calmare.atoom.space\/fr\/\"},{\"@type\":\"ListItem\",\"position\":2,\"name\":\"R\u00e8glement int\u00e9rieur\"}]},{\"@type\":\"WebSite\",\"@id\":\"https:\/\/calmare.atoom.space\/fr\/#website\",\"url\":\"https:\/\/calmare.atoom.space\/fr\/\",\"name\":\"Calmare\",\"description\":\"\",\"publisher\":{\"@id\":\"https:\/\/calmare.atoom.space\/fr\/#organization\"},\"potentialAction\":[{\"@type\":\"SearchAction\",\"target\":{\"@type\":\"EntryPoint\",\"urlTemplate\":\"https:\/\/calmare.atoom.space\/fr\/?s={search_term_string}\"},\"query-input\":{\"@type\":\"PropertyValueSpecification\",\"valueRequired\":true,\"valueName\":\"search_term_string\"}}],\"inLanguage\":\"fr-FR\"},{\"@type\":\"Organization\",\"@id\":\"https:\/\/calmare.atoom.space\/fr\/#organization\",\"name\":\"Calmare\",\"url\":\"https:\/\/calmare.atoom.space\/fr\/\",\"logo\":{\"@type\":\"ImageObject\",\"inLanguage\":\"fr-FR\",\"@id\":\"https:\/\/calmare.atoom.space\/fr\/#\/schema\/logo\/image\/\",\"url\":\"https:\/\/calmare.atoom.space\/wp-content\/uploads\/2024\/11\/logo-calmare.jpg\",\"contentUrl\":\"https:\/\/calmare.atoom.space\/wp-content\/uploads\/2024\/11\/logo-calmare.jpg\",\"width\":616,\"height\":206,\"caption\":\"Calmare\"},\"image\":{\"@id\":\"https:\/\/calmare.atoom.space\/fr\/#\/schema\/logo\/image\/\"}}]}<\/script>\n<!-- \/ Yoast SEO plugin. -->","yoast_head_json":{"title":"R\u00e8glement int\u00e9rieur - Calmare","robots":{"index":"noindex","follow":"follow","max-snippet":"max-snippet:-1","max-image-preview":"max-image-preview:large","max-video-preview":"max-video-preview:-1"},"og_locale":"fr_FR","og_type":"article","og_title":"R\u00e8glement int\u00e9rieur - Calmare","og_description":"R\u00e8glement int\u00e9rieur Calmare est un espace o\u00f9 vous vous sentez toujours libre et en s\u00e9curit\u00e9. Quelques r\u00e8gles doivent \u00eatre respect\u00e9es afin de garantir votre plaisir et celui des autres invit\u00e9s. Veuillez lire attentivement les instructions ci-dessous et nous contacter si vous avez des doutes. Respect Veuillez traiter notre maison avec le m\u00eame respect que vous [&hellip;]","og_url":"https:\/\/calmare.atoom.space\/fr\/reglement-interieur\/","og_site_name":"Calmare","article_modified_time":"2024-12-03T11:44:44+00:00","twitter_card":"summary_large_image","twitter_misc":{"Dur\u00e9e de lecture estim\u00e9e":"2 minutes"},"schema":{"@context":"https:\/\/schema.org","@graph":[{"@type":"WebPage","@id":"https:\/\/calmare.atoom.space\/fr\/reglement-interieur\/","url":"https:\/\/calmare.atoom.space\/fr\/reglement-interieur\/","name":"R\u00e8glement int\u00e9rieur - Calmare","isPartOf":{"@id":"https:\/\/calmare.atoom.space\/fr\/#website"},"datePublished":"2024-11-06T16:27:27+00:00","dateModified":"2024-12-03T11:44:44+00:00","breadcrumb":{"@id":"https:\/\/calmare.atoom.space\/fr\/reglement-interieur\/#breadcrumb"},"inLanguage":"fr-FR","potentialAction":[{"@type":"ReadAction","target":["https:\/\/calmare.atoom.space\/fr\/reglement-interieur\/"]}]},{"@type":"BreadcrumbList","@id":"https:\/\/calmare.atoom.space\/fr\/reglement-interieur\/#breadcrumb","itemListElement":[{"@type":"ListItem","position":1,"name":"Home","item":"https:\/\/calmare.atoom.space\/fr\/"},{"@type":"ListItem","position":2,"name":"R\u00e8glement int\u00e9rieur"}]},{"@type":"WebSite","@id":"https:\/\/calmare.atoom.space\/fr\/#website","url":"https:\/\/calmare.atoom.space\/fr\/","name":"Calmare","description":"","publisher":{"@id":"https:\/\/calmare.atoom.space\/fr\/#organization"},"potentialAction":[{"@type":"SearchAction","target":{"@type":"EntryPoint","urlTemplate":"https:\/\/calmare.atoom.space\/fr\/?s={search_term_string}"},"query-input":{"@type":"PropertyValueSpecification","valueRequired":true,"valueName":"search_term_string"}}],"inLanguage":"fr-FR"},{"@type":"Organization","@id":"https:\/\/calmare.atoom.space\/fr\/#organization","name":"Calmare","url":"https:\/\/calmare.atoom.space\/fr\/","logo":{"@type":"ImageObject","inLanguage":"fr-FR","@id":"https:\/\/calmare.atoom.space\/fr\/#\/schema\/logo\/image\/","url":"https:\/\/calmare.atoom.space\/wp-content\/uploads\/2024\/11\/logo-calmare.jpg","contentUrl":"https:\/\/calmare.atoom.space\/wp-content\/uploads\/2024\/11\/logo-calmare.jpg","width":616,"height":206,"caption":"Calmare"},"image":{"@id":"https:\/\/calmare.atoom.space\/fr\/#\/schema\/logo\/image\/"}}]}},"_links":{"self":[{"href":"https:\/\/calmare.atoom.space\/fr\/wp-json\/wp\/v2\/pages\/2237","targetHints":{"allow":["GET"]}}],"collection":[{"href":"https:\/\/calmare.atoom.space\/fr\/wp-json\/wp\/v2\/pages"}],"about":[{"href":"https:\/\/calmare.atoom.space\/fr\/wp-json\/wp\/v2\/types\/page"}],"author":[{"embeddable":true,"href":"https:\/\/calmare.atoom.space\/fr\/wp-json\/wp\/v2\/users\/1"}],"replies":[{"embeddable":true,"href":"https:\/\/calmare.atoom.space\/fr\/wp-json\/wp\/v2\/comments?post=2237"}],"version-history":[{"count":1,"href":"https:\/\/calmare.atoom.space\/fr\/wp-json\/wp\/v2\/pages\/2237\/revisions"}],"predecessor-version":[{"id":2238,"href":"https:\/\/calmare.atoom.space\/fr\/wp-json\/wp\/v2\/pages\/2237\/revisions\/2238"}],"wp:attachment":[{"href":"https:\/\/calmare.atoom.space\/fr\/wp-json\/wp\/v2\/media?parent=2237"}],"curies":[{"name":"wp","href":"https:\/\/api.w.org\/{rel}","templated":true}]}}