{"id":2231,"date":"2024-11-06T17:27:36","date_gmt":"2024-11-06T16:27:36","guid":{"rendered":"https:\/\/calmare.atoom.space\/reglementation-locale\/"},"modified":"2024-12-03T12:44:44","modified_gmt":"2024-12-03T11:44:44","slug":"reglementation-locale","status":"publish","type":"page","link":"https:\/\/calmare.atoom.space\/fr\/reglementation-locale\/","title":{"rendered":"R\u00e9glementation locale"},"content":{"rendered":"\t\t<div data-elementor-type=\"wp-page\" data-elementor-id=\"2231\" class=\"elementor elementor-2231 elementor-215\" data-elementor-post-type=\"page\">\n\t\t\t\t<div class=\"elementor-element elementor-element-3fa3a82 e-flex e-con-boxed e-con e-parent\" data-id=\"3fa3a82\" data-element_type=\"container\">\n\t\t\t\t\t<div class=\"e-con-inner\">\n\t\t\t\t<div class=\"elementor-element elementor-element-9e27e91 elementor-widget elementor-widget-heading\" data-id=\"9e27e91\" data-element_type=\"widget\" data-widget_type=\"heading.default\">\n\t\t\t\t<div class=\"elementor-widget-container\">\n\t\t\t<h1 class=\"elementor-heading-title elementor-size-default\">R\u00e9glementation locale<\/h1>\t\t<\/div>\n\t\t\t\t<\/div>\n\t\t<div class=\"elementor-element elementor-element-7496e3a e-con-full e-flex e-con e-child\" data-id=\"7496e3a\" data-element_type=\"container\">\n\t\t<div class=\"elementor-element elementor-element-c6d47e5 e-con-full e-flex e-con e-child\" data-id=\"c6d47e5\" data-element_type=\"container\">\n\t\t\t\t<div class=\"elementor-element elementor-element-88f7407 elementor-widget elementor-widget-heading\" data-id=\"88f7407\" data-element_type=\"widget\" data-widget_type=\"heading.default\">\n\t\t\t\t<div class=\"elementor-widget-container\">\n\t\t\t<h2 class=\"elementor-heading-title elementor-size-default\">Activit\u00e9 touristique de l'h\u00e9bergement dans les \u00eeles Canaries.<\/h2>\t\t<\/div>\n\t\t\t\t<\/div>\n\t\t\t\t<\/div>\n\t\t<div class=\"elementor-element elementor-element-9ca1f3a e-con-full e-flex e-con e-child\" data-id=\"9ca1f3a\" data-element_type=\"container\">\n\t\t\t\t<div class=\"elementor-element elementor-element-55611e8 elementor-widget elementor-widget-text-editor\" data-id=\"55611e8\" data-element_type=\"widget\" data-widget_type=\"text-editor.default\">\n\t\t\t\t<div class=\"elementor-widget-container\">\n\t\t\t\t\t\t\t<p>Nous louons des \u00ab\u00a0maisons de vacances\u00a0\u00bb (VV), en tant qu&rsquo;activit\u00e9 extra-h\u00f4teli\u00e8re, selon la d\u00e9nomination indiqu\u00e9e dans l&rsquo;article 3 du d\u00e9cret 142\/2010, du 4 octobre, sur la r\u00e9glementation de l&rsquo;activit\u00e9 touristique dans les \u00eeles Canaries. 3 du D\u00e9cret 142\/2010, du 4 octobre, sur la R\u00e9glementation de l&rsquo;Activit\u00e9 Touristique d&rsquo;H\u00e9bergement dans les Iles Canaries. Veuillez trouver les d\u00e9tails ci-dessous : <\/p>\n\t\t\t\t\t\t<\/div>\n\t\t\t\t<\/div>\n\t\t\t\t<\/div>\n\t\t\t\t<\/div>\n\t\t\t\t\t<\/div>\n\t\t\t\t<\/div>\n\t\t<div class=\"elementor-element elementor-element-69140cb e-flex e-con-boxed e-con e-parent\" data-id=\"69140cb\" data-element_type=\"container\">\n\t\t\t\t\t<div class=\"e-con-inner\">\n\t\t\t\t<div class=\"elementor-element elementor-element-605ce84 image-multiply elementor-widget elementor-widget-image\" data-id=\"605ce84\" data-element_type=\"widget\" data-widget_type=\"image.default\">\n\t\t\t\t<div class=\"elementor-widget-container\">\n\t\t\t\t\t\t\t\t\t\t\t\t\t<img fetchpriority=\"high\" decoding=\"async\" width=\"595\" height=\"842\" src=\"https:\/\/calmare.atoom.space\/wp-content\/uploads\/2024\/11\/608.webp\" class=\"attachment-full size-full wp-image-925\" alt=\"\" srcset=\"https:\/\/calmare.atoom.space\/wp-content\/uploads\/2024\/11\/608.webp 595w, https:\/\/calmare.atoom.space\/wp-content\/uploads\/2024\/11\/608-212x300.webp 212w\" sizes=\"(max-width: 595px) 100vw, 595px\" \/>\t\t\t\t\t\t\t\t\t\t\t\t\t<\/div>\n\t\t\t\t<\/div>\n\t\t\t\t<div class=\"elementor-element elementor-element-a151da6 image-multiply elementor-widget elementor-widget-image\" data-id=\"a151da6\" data-element_type=\"widget\" data-widget_type=\"image.default\">\n\t\t\t\t<div class=\"elementor-widget-container\">\n\t\t\t\t\t\t\t\t\t\t\t\t\t<img decoding=\"async\" width=\"595\" height=\"842\" src=\"https:\/\/calmare.atoom.space\/wp-content\/uploads\/2024\/11\/604.webp\" class=\"attachment-full size-full wp-image-924\" alt=\"\" srcset=\"https:\/\/calmare.atoom.space\/wp-content\/uploads\/2024\/11\/604.webp 595w, https:\/\/calmare.atoom.space\/wp-content\/uploads\/2024\/11\/604-212x300.webp 212w\" sizes=\"(max-width: 595px) 100vw, 595px\" \/>\t\t\t\t\t\t\t\t\t\t\t\t\t<\/div>\n\t\t\t\t<\/div>\n\t\t\t\t<div class=\"elementor-element elementor-element-de7a09c image-multiply elementor-widget elementor-widget-image\" data-id=\"de7a09c\" data-element_type=\"widget\" data-widget_type=\"image.default\">\n\t\t\t\t<div class=\"elementor-widget-container\">\n\t\t\t\t\t\t\t\t\t\t\t\t\t<img decoding=\"async\" width=\"595\" height=\"842\" src=\"https:\/\/calmare.atoom.space\/wp-content\/uploads\/2024\/11\/605.webp\" class=\"attachment-full size-full wp-image-926\" alt=\"\" srcset=\"https:\/\/calmare.atoom.space\/wp-content\/uploads\/2024\/11\/605.webp 595w, https:\/\/calmare.atoom.space\/wp-content\/uploads\/2024\/11\/605-212x300.webp 212w\" sizes=\"(max-width: 595px) 100vw, 595px\" \/>\t\t\t\t\t\t\t\t\t\t\t\t\t<\/div>\n\t\t\t\t<\/div>\n\t\t\t\t\t<\/div>\n\t\t\t\t<\/div>\n\t\t\t\t<\/div>\n\t\t","protected":false},"excerpt":{"rendered":"<p>R\u00e9glementation locale Activit\u00e9 touristique de l&rsquo;h\u00e9bergement dans les \u00eeles Canaries. Nous louons des \u00ab\u00a0maisons de vacances\u00a0\u00bb (VV), en tant qu&rsquo;activit\u00e9 extra-h\u00f4teli\u00e8re, selon la d\u00e9nomination indiqu\u00e9e dans l&rsquo;article 3 du d\u00e9cret 142\/2010, du 4 octobre, sur la r\u00e9glementation de l&rsquo;activit\u00e9 touristique dans les \u00eeles Canaries. 3 du D\u00e9cret 142\/2010, du 4 octobre, sur la R\u00e9glementation de [&hellip;]<\/p>\n","protected":false},"author":1,"featured_media":0,"parent":0,"menu_order":0,"comment_status":"closed","ping_status":"closed","template":"","meta":{"_acf_changed":false,"footnotes":""},"class_list":["post-2231","page","type-page","status-publish","hentry"],"acf":[],"yoast_head":"<!-- This site is optimized with the Yoast SEO plugin v24.0 - https:\/\/yoast.com\/wordpress\/plugins\/seo\/ -->\n<title>R\u00e9glementation locale - Calmare<\/title>\n<meta name=\"robots\" content=\"noindex, follow\" \/>\n<meta property=\"og:locale\" content=\"fr_FR\" \/>\n<meta property=\"og:type\" content=\"article\" \/>\n<meta property=\"og:title\" content=\"R\u00e9glementation locale - Calmare\" \/>\n<meta property=\"og:description\" content=\"R\u00e9glementation locale Activit\u00e9 touristique de l&rsquo;h\u00e9bergement dans les \u00eeles Canaries. Nous louons des \u00ab\u00a0maisons de vacances\u00a0\u00bb (VV), en tant qu&rsquo;activit\u00e9 extra-h\u00f4teli\u00e8re, selon la d\u00e9nomination indiqu\u00e9e dans l&rsquo;article 3 du d\u00e9cret 142\/2010, du 4 octobre, sur la r\u00e9glementation de l&rsquo;activit\u00e9 touristique dans les \u00eeles Canaries. 3 du D\u00e9cret 142\/2010, du 4 octobre, sur la R\u00e9glementation de [&hellip;]\" \/>\n<meta property=\"og:url\" content=\"https:\/\/calmare.atoom.space\/fr\/reglementation-locale\/\" \/>\n<meta property=\"og:site_name\" content=\"Calmare\" \/>\n<meta property=\"article:modified_time\" content=\"2024-12-03T11:44:44+00:00\" \/>\n<meta property=\"og:image\" content=\"https:\/\/calmare.atoom.space\/wp-content\/uploads\/2024\/11\/608.webp\" \/>\n\t<meta property=\"og:image:width\" content=\"595\" \/>\n\t<meta property=\"og:image:height\" content=\"842\" \/>\n\t<meta property=\"og:image:type\" content=\"image\/webp\" \/>\n<meta name=\"twitter:card\" content=\"summary_large_image\" \/>\n<script type=\"application\/ld+json\" class=\"yoast-schema-graph\">{\"@context\":\"https:\/\/schema.org\",\"@graph\":[{\"@type\":\"WebPage\",\"@id\":\"https:\/\/calmare.atoom.space\/fr\/reglementation-locale\/\",\"url\":\"https:\/\/calmare.atoom.space\/fr\/reglementation-locale\/\",\"name\":\"R\u00e9glementation locale - Calmare\",\"isPartOf\":{\"@id\":\"https:\/\/calmare.atoom.space\/fr\/#website\"},\"primaryImageOfPage\":{\"@id\":\"https:\/\/calmare.atoom.space\/fr\/reglementation-locale\/#primaryimage\"},\"image\":{\"@id\":\"https:\/\/calmare.atoom.space\/fr\/reglementation-locale\/#primaryimage\"},\"thumbnailUrl\":\"https:\/\/calmare.atoom.space\/wp-content\/uploads\/2024\/11\/608.webp\",\"datePublished\":\"2024-11-06T16:27:36+00:00\",\"dateModified\":\"2024-12-03T11:44:44+00:00\",\"breadcrumb\":{\"@id\":\"https:\/\/calmare.atoom.space\/fr\/reglementation-locale\/#breadcrumb\"},\"inLanguage\":\"fr-FR\",\"potentialAction\":[{\"@type\":\"ReadAction\",\"target\":[\"https:\/\/calmare.atoom.space\/fr\/reglementation-locale\/\"]}]},{\"@type\":\"ImageObject\",\"inLanguage\":\"fr-FR\",\"@id\":\"https:\/\/calmare.atoom.space\/fr\/reglementation-locale\/#primaryimage\",\"url\":\"https:\/\/calmare.atoom.space\/wp-content\/uploads\/2024\/11\/608.webp\",\"contentUrl\":\"https:\/\/calmare.atoom.space\/wp-content\/uploads\/2024\/11\/608.webp\"},{\"@type\":\"BreadcrumbList\",\"@id\":\"https:\/\/calmare.atoom.space\/fr\/reglementation-locale\/#breadcrumb\",\"itemListElement\":[{\"@type\":\"ListItem\",\"position\":1,\"name\":\"Home\",\"item\":\"https:\/\/calmare.atoom.space\/fr\/\"},{\"@type\":\"ListItem\",\"position\":2,\"name\":\"R\u00e9glementation locale\"}]},{\"@type\":\"WebSite\",\"@id\":\"https:\/\/calmare.atoom.space\/fr\/#website\",\"url\":\"https:\/\/calmare.atoom.space\/fr\/\",\"name\":\"Calmare\",\"description\":\"\",\"publisher\":{\"@id\":\"https:\/\/calmare.atoom.space\/fr\/#organization\"},\"potentialAction\":[{\"@type\":\"SearchAction\",\"target\":{\"@type\":\"EntryPoint\",\"urlTemplate\":\"https:\/\/calmare.atoom.space\/fr\/?s={search_term_string}\"},\"query-input\":{\"@type\":\"PropertyValueSpecification\",\"valueRequired\":true,\"valueName\":\"search_term_string\"}}],\"inLanguage\":\"fr-FR\"},{\"@type\":\"Organization\",\"@id\":\"https:\/\/calmare.atoom.space\/fr\/#organization\",\"name\":\"Calmare\",\"url\":\"https:\/\/calmare.atoom.space\/fr\/\",\"logo\":{\"@type\":\"ImageObject\",\"inLanguage\":\"fr-FR\",\"@id\":\"https:\/\/calmare.atoom.space\/fr\/#\/schema\/logo\/image\/\",\"url\":\"https:\/\/calmare.atoom.space\/wp-content\/uploads\/2024\/11\/logo-calmare.jpg\",\"contentUrl\":\"https:\/\/calmare.atoom.space\/wp-content\/uploads\/2024\/11\/logo-calmare.jpg\",\"width\":616,\"height\":206,\"caption\":\"Calmare\"},\"image\":{\"@id\":\"https:\/\/calmare.atoom.space\/fr\/#\/schema\/logo\/image\/\"}}]}<\/script>\n<!-- \/ Yoast SEO plugin. -->","yoast_head_json":{"title":"R\u00e9glementation locale - Calmare","robots":{"index":"noindex","follow":"follow"},"og_locale":"fr_FR","og_type":"article","og_title":"R\u00e9glementation locale - Calmare","og_description":"R\u00e9glementation locale Activit\u00e9 touristique de l&rsquo;h\u00e9bergement dans les \u00eeles Canaries. Nous louons des \u00ab\u00a0maisons de vacances\u00a0\u00bb (VV), en tant qu&rsquo;activit\u00e9 extra-h\u00f4teli\u00e8re, selon la d\u00e9nomination indiqu\u00e9e dans l&rsquo;article 3 du d\u00e9cret 142\/2010, du 4 octobre, sur la r\u00e9glementation de l&rsquo;activit\u00e9 touristique dans les \u00eeles Canaries. 3 du D\u00e9cret 142\/2010, du 4 octobre, sur la R\u00e9glementation de [&hellip;]","og_url":"https:\/\/calmare.atoom.space\/fr\/reglementation-locale\/","og_site_name":"Calmare","article_modified_time":"2024-12-03T11:44:44+00:00","og_image":[{"width":595,"height":842,"url":"https:\/\/calmare.atoom.space\/wp-content\/uploads\/2024\/11\/608.webp","type":"image\/webp"}],"twitter_card":"summary_large_image","schema":{"@context":"https:\/\/schema.org","@graph":[{"@type":"WebPage","@id":"https:\/\/calmare.atoom.space\/fr\/reglementation-locale\/","url":"https:\/\/calmare.atoom.space\/fr\/reglementation-locale\/","name":"R\u00e9glementation locale - Calmare","isPartOf":{"@id":"https:\/\/calmare.atoom.space\/fr\/#website"},"primaryImageOfPage":{"@id":"https:\/\/calmare.atoom.space\/fr\/reglementation-locale\/#primaryimage"},"image":{"@id":"https:\/\/calmare.atoom.space\/fr\/reglementation-locale\/#primaryimage"},"thumbnailUrl":"https:\/\/calmare.atoom.space\/wp-content\/uploads\/2024\/11\/608.webp","datePublished":"2024-11-06T16:27:36+00:00","dateModified":"2024-12-03T11:44:44+00:00","breadcrumb":{"@id":"https:\/\/calmare.atoom.space\/fr\/reglementation-locale\/#breadcrumb"},"inLanguage":"fr-FR","potentialAction":[{"@type":"ReadAction","target":["https:\/\/calmare.atoom.space\/fr\/reglementation-locale\/"]}]},{"@type":"ImageObject","inLanguage":"fr-FR","@id":"https:\/\/calmare.atoom.space\/fr\/reglementation-locale\/#primaryimage","url":"https:\/\/calmare.atoom.space\/wp-content\/uploads\/2024\/11\/608.webp","contentUrl":"https:\/\/calmare.atoom.space\/wp-content\/uploads\/2024\/11\/608.webp"},{"@type":"BreadcrumbList","@id":"https:\/\/calmare.atoom.space\/fr\/reglementation-locale\/#breadcrumb","itemListElement":[{"@type":"ListItem","position":1,"name":"Home","item":"https:\/\/calmare.atoom.space\/fr\/"},{"@type":"ListItem","position":2,"name":"R\u00e9glementation locale"}]},{"@type":"WebSite","@id":"https:\/\/calmare.atoom.space\/fr\/#website","url":"https:\/\/calmare.atoom.space\/fr\/","name":"Calmare","description":"","publisher":{"@id":"https:\/\/calmare.atoom.space\/fr\/#organization"},"potentialAction":[{"@type":"SearchAction","target":{"@type":"EntryPoint","urlTemplate":"https:\/\/calmare.atoom.space\/fr\/?s={search_term_string}"},"query-input":{"@type":"PropertyValueSpecification","valueRequired":true,"valueName":"search_term_string"}}],"inLanguage":"fr-FR"},{"@type":"Organization","@id":"https:\/\/calmare.atoom.space\/fr\/#organization","name":"Calmare","url":"https:\/\/calmare.atoom.space\/fr\/","logo":{"@type":"ImageObject","inLanguage":"fr-FR","@id":"https:\/\/calmare.atoom.space\/fr\/#\/schema\/logo\/image\/","url":"https:\/\/calmare.atoom.space\/wp-content\/uploads\/2024\/11\/logo-calmare.jpg","contentUrl":"https:\/\/calmare.atoom.space\/wp-content\/uploads\/2024\/11\/logo-calmare.jpg","width":616,"height":206,"caption":"Calmare"},"image":{"@id":"https:\/\/calmare.atoom.space\/fr\/#\/schema\/logo\/image\/"}}]}},"_links":{"self":[{"href":"https:\/\/calmare.atoom.space\/fr\/wp-json\/wp\/v2\/pages\/2231","targetHints":{"allow":["GET"]}}],"collection":[{"href":"https:\/\/calmare.atoom.space\/fr\/wp-json\/wp\/v2\/pages"}],"about":[{"href":"https:\/\/calmare.atoom.space\/fr\/wp-json\/wp\/v2\/types\/page"}],"author":[{"embeddable":true,"href":"https:\/\/calmare.atoom.space\/fr\/wp-json\/wp\/v2\/users\/1"}],"replies":[{"embeddable":true,"href":"https:\/\/calmare.atoom.space\/fr\/wp-json\/wp\/v2\/comments?post=2231"}],"version-history":[{"count":1,"href":"https:\/\/calmare.atoom.space\/fr\/wp-json\/wp\/v2\/pages\/2231\/revisions"}],"predecessor-version":[{"id":2232,"href":"https:\/\/calmare.atoom.space\/fr\/wp-json\/wp\/v2\/pages\/2231\/revisions\/2232"}],"wp:attachment":[{"href":"https:\/\/calmare.atoom.space\/fr\/wp-json\/wp\/v2\/media?parent=2231"}],"curies":[{"name":"wp","href":"https:\/\/api.w.org\/{rel}","templated":true}]}}