{"id":2249,"date":"2024-11-06T17:27:20","date_gmt":"2024-11-06T16:27:20","guid":{"rendered":"https:\/\/calmare.atoom.space\/politica-de-cancelacion\/"},"modified":"2024-12-03T12:42:37","modified_gmt":"2024-12-03T11:42:37","slug":"politica-de-cancelacion","status":"publish","type":"page","link":"https:\/\/calmare.atoom.space\/es\/politica-de-cancelacion\/","title":{"rendered":"Pol\u00edtica de cancelaci\u00f3n"},"content":{"rendered":"\t\t<div data-elementor-type=\"wp-page\" data-elementor-id=\"2249\" class=\"elementor elementor-2249 elementor-214\" data-elementor-post-type=\"page\">\n\t\t\t\t<div class=\"elementor-element elementor-element-1c38720 e-flex e-con-boxed e-con e-parent\" data-id=\"1c38720\" data-element_type=\"container\">\n\t\t\t\t\t<div class=\"e-con-inner\">\n\t\t\t\t<div class=\"elementor-element elementor-element-c125d81 elementor-widget elementor-widget-heading\" data-id=\"c125d81\" data-element_type=\"widget\" data-widget_type=\"heading.default\">\n\t\t\t\t<div class=\"elementor-widget-container\">\n\t\t\t<h1 class=\"elementor-heading-title elementor-size-default\">Pol\u00edtica de cancelaci\u00f3n<\/h1>\t\t<\/div>\n\t\t\t\t<\/div>\n\t\t<div class=\"elementor-element elementor-element-6cf1cb6 e-con-full e-flex e-con e-child\" data-id=\"6cf1cb6\" data-element_type=\"container\">\n\t\t<div class=\"elementor-element elementor-element-9a8c586 e-con-full e-flex e-con e-child\" data-id=\"9a8c586\" data-element_type=\"container\">\n\t\t\t\t<div class=\"elementor-element elementor-element-cfff347 elementor-widget elementor-widget-heading\" data-id=\"cfff347\" data-element_type=\"widget\" data-widget_type=\"heading.default\">\n\t\t\t\t<div class=\"elementor-widget-container\">\n\t\t\t<h2 class=\"elementor-heading-title elementor-size-default\">Selecciona la mejor opci\u00f3n para ti.<\/h2>\t\t<\/div>\n\t\t\t\t<\/div>\n\t\t\t\t<\/div>\n\t\t<div class=\"elementor-element elementor-element-6126846 e-con-full e-flex e-con e-child\" data-id=\"6126846\" data-element_type=\"container\">\n\t\t\t\t<div class=\"elementor-element elementor-element-f1e032b elementor-widget elementor-widget-text-editor\" data-id=\"f1e032b\" data-element_type=\"widget\" data-widget_type=\"text-editor.default\">\n\t\t\t\t<div class=\"elementor-widget-container\">\n\t\t\t\t\t\t\t<p>Para facilitar las cosas a nuestros hu\u00e9spedes, ofrecemos una pol\u00edtica de cancelaci\u00f3n flexible y una opci\u00f3n de descuento no reembolsable. Lee los detalles a continuaci\u00f3n. <\/p>\n\t\t\t\t\t\t<\/div>\n\t\t\t\t<\/div>\n\t\t\t\t<\/div>\n\t\t\t\t<\/div>\n\t\t\t\t\t<\/div>\n\t\t\t\t<\/div>\n\t\t<div class=\"elementor-element elementor-element-9b1b187 e-flex e-con-boxed e-con e-parent\" data-id=\"9b1b187\" data-element_type=\"container\">\n\t\t\t\t\t<div class=\"e-con-inner\">\n\t\t<div class=\"elementor-element elementor-element-d055e63 e-con-full e-flex e-con e-child\" data-id=\"d055e63\" data-element_type=\"container\">\n\t\t\t\t<div class=\"elementor-element elementor-element-22a732d elementor-widget elementor-widget-heading\" data-id=\"22a732d\" data-element_type=\"widget\" data-widget_type=\"heading.default\">\n\t\t\t\t<div class=\"elementor-widget-container\">\n\t\t\t<h2 class=\"elementor-heading-title elementor-size-default\">Flexible (pol\u00edtica por defecto)<\/h2>\t\t<\/div>\n\t\t\t\t<\/div>\n\t\t\t\t<div class=\"elementor-element elementor-element-3684118 elementor-widget elementor-widget-text-editor\" data-id=\"3684118\" data-element_type=\"widget\" data-widget_type=\"text-editor.default\">\n\t\t\t\t<div class=\"elementor-widget-container\">\n\t\t\t\t\t\t\t<p>Como pol\u00edtica por defecto, ofrecemos un reembolso completo en caso de cancelaci\u00f3n hasta 30 d\u00edas antes de la entrada. Si la reserva se realiza con menos de 30 d\u00edas de antelaci\u00f3n a la entrada, reembolso completo en caso de anulaci\u00f3n en las 48 horas siguientes a la reserva y al menos 14 d\u00edas antes de la entrada. Despu\u00e9s, reembolso del 50% hasta 7 d\u00edas antes de la entrada. Despu\u00e9s, no hay reembolso.   <\/p>\n\t\t\t\t\t\t<\/div>\n\t\t\t\t<\/div>\n\t\t\t\t<\/div>\n\t\t<div class=\"elementor-element elementor-element-c2b7efa e-con-full e-flex e-con e-child\" data-id=\"c2b7efa\" data-element_type=\"container\">\n\t\t\t\t<div class=\"elementor-element elementor-element-e5da802 elementor-widget elementor-widget-heading\" data-id=\"e5da802\" data-element_type=\"widget\" data-widget_type=\"heading.default\">\n\t\t\t\t<div class=\"elementor-widget-container\">\n\t\t\t<h2 class=\"elementor-heading-title elementor-size-default\">No reembolsable (opcional)  <\/h2>\t\t<\/div>\n\t\t\t\t<\/div>\n\t\t\t\t<div class=\"elementor-element elementor-element-6100ae8 elementor-widget elementor-widget-text-editor\" data-id=\"6100ae8\" data-element_type=\"widget\" data-widget_type=\"text-editor.default\">\n\t\t\t\t<div class=\"elementor-widget-container\">\n\t\t\t\t\t\t\t<p>Los hu\u00e9spedes pueden elegir una opci\u00f3n no reembolsable y obtener un descuento del 10% sobre el precio base. Nos quedamos con su pago \u00edntegro si un hu\u00e9sped cancela, menos la tarifa de limpieza si la cancelaci\u00f3n se produce antes de la entrada. . Ponte en contacto con nosotros si quieres aplicar esta pol\u00edtica, para que podamos calcular el descuento exacto para ti.   <\/p>\n\t\t\t\t\t\t<\/div>\n\t\t\t\t<\/div>\n\t\t\t\t<\/div>\n\t\t<div class=\"elementor-element elementor-element-1f9d993 e-con-full e-flex e-con e-child\" data-id=\"1f9d993\" data-element_type=\"container\" data-settings=\"{&quot;background_background&quot;:&quot;classic&quot;}\">\n\t\t\t\t<div class=\"elementor-element elementor-element-9e08ab8 elementor-widget elementor-widget-text-editor\" data-id=\"9e08ab8\" data-element_type=\"widget\" data-widget_type=\"text-editor.default\">\n\t\t\t\t<div class=\"elementor-widget-container\">\n\t\t\t\t\t\t\t<p>Si consideras necesario cancelar tu reserva, te rogamos que nos lo comuniques \u00fanicamente por correo electr\u00f3nico a info@dreamingmyway.com.<\/p>\n<p>Te recomendamos que suscribas un seguro de viaje. Estos t\u00e9rminos y condiciones se aceptan autom\u00e1ticamente una vez completada la reserva. Nos reservamos el derecho a modificar estas condiciones en cualquier momento.  <\/p>\n\t\t\t\t\t\t<\/div>\n\t\t\t\t<\/div>\n\t\t\t\t<\/div>\n\t\t\t\t\t<\/div>\n\t\t\t\t<\/div>\n\t\t\t\t<\/div>\n\t\t","protected":false},"excerpt":{"rendered":"<p>Pol\u00edtica de cancelaci\u00f3n Selecciona la mejor opci\u00f3n para ti. Para facilitar las cosas a nuestros hu\u00e9spedes, ofrecemos una pol\u00edtica de cancelaci\u00f3n flexible y una opci\u00f3n de descuento no reembolsable. Lee los detalles a continuaci\u00f3n. Flexible (pol\u00edtica por defecto) Como pol\u00edtica por defecto, ofrecemos un reembolso completo en caso de cancelaci\u00f3n hasta 30 d\u00edas antes de [&hellip;]<\/p>\n","protected":false},"author":1,"featured_media":0,"parent":0,"menu_order":0,"comment_status":"closed","ping_status":"closed","template":"","meta":{"_acf_changed":false,"footnotes":""},"class_list":["post-2249","page","type-page","status-publish","hentry"],"acf":[],"yoast_head":"<!-- This site is optimized with the Yoast SEO plugin v24.0 - https:\/\/yoast.com\/wordpress\/plugins\/seo\/ -->\n<title>Pol\u00edtica de cancelaci\u00f3n - Calmare<\/title>\n<meta name=\"robots\" content=\"noindex, follow\" \/>\n<meta property=\"og:locale\" content=\"es_ES\" \/>\n<meta property=\"og:type\" content=\"article\" \/>\n<meta property=\"og:title\" content=\"Pol\u00edtica de cancelaci\u00f3n - Calmare\" \/>\n<meta property=\"og:description\" content=\"Pol\u00edtica de cancelaci\u00f3n Selecciona la mejor opci\u00f3n para ti. Para facilitar las cosas a nuestros hu\u00e9spedes, ofrecemos una pol\u00edtica de cancelaci\u00f3n flexible y una opci\u00f3n de descuento no reembolsable. Lee los detalles a continuaci\u00f3n. Flexible (pol\u00edtica por defecto) Como pol\u00edtica por defecto, ofrecemos un reembolso completo en caso de cancelaci\u00f3n hasta 30 d\u00edas antes de [&hellip;]\" \/>\n<meta property=\"og:url\" content=\"https:\/\/calmare.atoom.space\/es\/politica-de-cancelacion\/\" \/>\n<meta property=\"og:site_name\" content=\"Calmare\" \/>\n<meta property=\"article:modified_time\" content=\"2024-12-03T11:42:37+00:00\" \/>\n<meta name=\"twitter:card\" content=\"summary_large_image\" \/>\n<meta name=\"twitter:label1\" content=\"Tiempo de lectura\" \/>\n\t<meta name=\"twitter:data1\" content=\"1 minuto\" \/>\n<script type=\"application\/ld+json\" class=\"yoast-schema-graph\">{\"@context\":\"https:\/\/schema.org\",\"@graph\":[{\"@type\":\"WebPage\",\"@id\":\"https:\/\/calmare.atoom.space\/es\/politica-de-cancelacion\/\",\"url\":\"https:\/\/calmare.atoom.space\/es\/politica-de-cancelacion\/\",\"name\":\"Pol\u00edtica de cancelaci\u00f3n - Calmare\",\"isPartOf\":{\"@id\":\"https:\/\/calmare.atoom.space\/es\/#website\"},\"datePublished\":\"2024-11-06T16:27:20+00:00\",\"dateModified\":\"2024-12-03T11:42:37+00:00\",\"breadcrumb\":{\"@id\":\"https:\/\/calmare.atoom.space\/es\/politica-de-cancelacion\/#breadcrumb\"},\"inLanguage\":\"es\",\"potentialAction\":[{\"@type\":\"ReadAction\",\"target\":[\"https:\/\/calmare.atoom.space\/es\/politica-de-cancelacion\/\"]}]},{\"@type\":\"BreadcrumbList\",\"@id\":\"https:\/\/calmare.atoom.space\/es\/politica-de-cancelacion\/#breadcrumb\",\"itemListElement\":[{\"@type\":\"ListItem\",\"position\":1,\"name\":\"Home\",\"item\":\"https:\/\/calmare.atoom.space\/es\/\"},{\"@type\":\"ListItem\",\"position\":2,\"name\":\"Pol\u00edtica de cancelaci\u00f3n\"}]},{\"@type\":\"WebSite\",\"@id\":\"https:\/\/calmare.atoom.space\/es\/#website\",\"url\":\"https:\/\/calmare.atoom.space\/es\/\",\"name\":\"Calmare\",\"description\":\"\",\"publisher\":{\"@id\":\"https:\/\/calmare.atoom.space\/es\/#organization\"},\"potentialAction\":[{\"@type\":\"SearchAction\",\"target\":{\"@type\":\"EntryPoint\",\"urlTemplate\":\"https:\/\/calmare.atoom.space\/es\/?s={search_term_string}\"},\"query-input\":{\"@type\":\"PropertyValueSpecification\",\"valueRequired\":true,\"valueName\":\"search_term_string\"}}],\"inLanguage\":\"es\"},{\"@type\":\"Organization\",\"@id\":\"https:\/\/calmare.atoom.space\/es\/#organization\",\"name\":\"Calmare\",\"url\":\"https:\/\/calmare.atoom.space\/es\/\",\"logo\":{\"@type\":\"ImageObject\",\"inLanguage\":\"es\",\"@id\":\"https:\/\/calmare.atoom.space\/es\/#\/schema\/logo\/image\/\",\"url\":\"https:\/\/calmare.atoom.space\/wp-content\/uploads\/2024\/11\/logo-calmare.jpg\",\"contentUrl\":\"https:\/\/calmare.atoom.space\/wp-content\/uploads\/2024\/11\/logo-calmare.jpg\",\"width\":616,\"height\":206,\"caption\":\"Calmare\"},\"image\":{\"@id\":\"https:\/\/calmare.atoom.space\/es\/#\/schema\/logo\/image\/\"}}]}<\/script>\n<!-- \/ Yoast SEO plugin. -->","yoast_head_json":{"title":"Pol\u00edtica de cancelaci\u00f3n - Calmare","robots":{"index":"noindex","follow":"follow"},"og_locale":"es_ES","og_type":"article","og_title":"Pol\u00edtica de cancelaci\u00f3n - Calmare","og_description":"Pol\u00edtica de cancelaci\u00f3n Selecciona la mejor opci\u00f3n para ti. Para facilitar las cosas a nuestros hu\u00e9spedes, ofrecemos una pol\u00edtica de cancelaci\u00f3n flexible y una opci\u00f3n de descuento no reembolsable. Lee los detalles a continuaci\u00f3n. Flexible (pol\u00edtica por defecto) Como pol\u00edtica por defecto, ofrecemos un reembolso completo en caso de cancelaci\u00f3n hasta 30 d\u00edas antes de [&hellip;]","og_url":"https:\/\/calmare.atoom.space\/es\/politica-de-cancelacion\/","og_site_name":"Calmare","article_modified_time":"2024-12-03T11:42:37+00:00","twitter_card":"summary_large_image","twitter_misc":{"Tiempo de lectura":"1 minuto"},"schema":{"@context":"https:\/\/schema.org","@graph":[{"@type":"WebPage","@id":"https:\/\/calmare.atoom.space\/es\/politica-de-cancelacion\/","url":"https:\/\/calmare.atoom.space\/es\/politica-de-cancelacion\/","name":"Pol\u00edtica de cancelaci\u00f3n - Calmare","isPartOf":{"@id":"https:\/\/calmare.atoom.space\/es\/#website"},"datePublished":"2024-11-06T16:27:20+00:00","dateModified":"2024-12-03T11:42:37+00:00","breadcrumb":{"@id":"https:\/\/calmare.atoom.space\/es\/politica-de-cancelacion\/#breadcrumb"},"inLanguage":"es","potentialAction":[{"@type":"ReadAction","target":["https:\/\/calmare.atoom.space\/es\/politica-de-cancelacion\/"]}]},{"@type":"BreadcrumbList","@id":"https:\/\/calmare.atoom.space\/es\/politica-de-cancelacion\/#breadcrumb","itemListElement":[{"@type":"ListItem","position":1,"name":"Home","item":"https:\/\/calmare.atoom.space\/es\/"},{"@type":"ListItem","position":2,"name":"Pol\u00edtica de cancelaci\u00f3n"}]},{"@type":"WebSite","@id":"https:\/\/calmare.atoom.space\/es\/#website","url":"https:\/\/calmare.atoom.space\/es\/","name":"Calmare","description":"","publisher":{"@id":"https:\/\/calmare.atoom.space\/es\/#organization"},"potentialAction":[{"@type":"SearchAction","target":{"@type":"EntryPoint","urlTemplate":"https:\/\/calmare.atoom.space\/es\/?s={search_term_string}"},"query-input":{"@type":"PropertyValueSpecification","valueRequired":true,"valueName":"search_term_string"}}],"inLanguage":"es"},{"@type":"Organization","@id":"https:\/\/calmare.atoom.space\/es\/#organization","name":"Calmare","url":"https:\/\/calmare.atoom.space\/es\/","logo":{"@type":"ImageObject","inLanguage":"es","@id":"https:\/\/calmare.atoom.space\/es\/#\/schema\/logo\/image\/","url":"https:\/\/calmare.atoom.space\/wp-content\/uploads\/2024\/11\/logo-calmare.jpg","contentUrl":"https:\/\/calmare.atoom.space\/wp-content\/uploads\/2024\/11\/logo-calmare.jpg","width":616,"height":206,"caption":"Calmare"},"image":{"@id":"https:\/\/calmare.atoom.space\/es\/#\/schema\/logo\/image\/"}}]}},"_links":{"self":[{"href":"https:\/\/calmare.atoom.space\/es\/wp-json\/wp\/v2\/pages\/2249","targetHints":{"allow":["GET"]}}],"collection":[{"href":"https:\/\/calmare.atoom.space\/es\/wp-json\/wp\/v2\/pages"}],"about":[{"href":"https:\/\/calmare.atoom.space\/es\/wp-json\/wp\/v2\/types\/page"}],"author":[{"embeddable":true,"href":"https:\/\/calmare.atoom.space\/es\/wp-json\/wp\/v2\/users\/1"}],"replies":[{"embeddable":true,"href":"https:\/\/calmare.atoom.space\/es\/wp-json\/wp\/v2\/comments?post=2249"}],"version-history":[{"count":1,"href":"https:\/\/calmare.atoom.space\/es\/wp-json\/wp\/v2\/pages\/2249\/revisions"}],"predecessor-version":[{"id":2250,"href":"https:\/\/calmare.atoom.space\/es\/wp-json\/wp\/v2\/pages\/2249\/revisions\/2250"}],"wp:attachment":[{"href":"https:\/\/calmare.atoom.space\/es\/wp-json\/wp\/v2\/media?parent=2249"}],"curies":[{"name":"wp","href":"https:\/\/api.w.org\/{rel}","templated":true}]}}