{"id":2220,"date":"2024-11-06T17:27:27","date_gmt":"2024-11-06T16:27:27","guid":{"rendered":"https:\/\/calmare.atoom.space\/normas-de-la-casa\/"},"modified":"2024-12-03T12:46:51","modified_gmt":"2024-12-03T11:46:51","slug":"normas-de-la-casa","status":"publish","type":"page","link":"https:\/\/calmare.atoom.space\/es\/normas-de-la-casa\/","title":{"rendered":"Normas de la casa"},"content":{"rendered":"\t\t<div data-elementor-type=\"wp-page\" data-elementor-id=\"2220\" class=\"elementor elementor-2220 elementor-216\" data-elementor-post-type=\"page\">\n\t\t\t\t<div class=\"elementor-element elementor-element-ba6fa63 e-flex e-con-boxed e-con e-parent\" data-id=\"ba6fa63\" data-element_type=\"container\">\n\t\t\t\t\t<div class=\"e-con-inner\">\n\t\t\t\t<div class=\"elementor-element elementor-element-bb2263f elementor-widget elementor-widget-heading\" data-id=\"bb2263f\" data-element_type=\"widget\" data-widget_type=\"heading.default\">\n\t\t\t\t<div class=\"elementor-widget-container\">\n\t\t\t<h1 class=\"elementor-heading-title elementor-size-default\">Normas de la casa<\/h1>\t\t<\/div>\n\t\t\t\t<\/div>\n\t\t<div class=\"elementor-element elementor-element-73f6a4e e-con-full e-flex e-con e-child\" data-id=\"73f6a4e\" data-element_type=\"container\">\n\t\t<div class=\"elementor-element elementor-element-226a39d e-con-full e-flex e-con e-child\" data-id=\"226a39d\" data-element_type=\"container\">\n\t\t\t\t<div class=\"elementor-element elementor-element-6084b46 elementor-widget elementor-widget-heading\" data-id=\"6084b46\" data-element_type=\"widget\" data-widget_type=\"heading.default\">\n\t\t\t\t<div class=\"elementor-widget-container\">\n\t\t\t<h2 class=\"elementor-heading-title elementor-size-default\">Calmare es un espacio para que te sientas siempre libre y segura<\/h2>\t\t<\/div>\n\t\t\t\t<\/div>\n\t\t\t\t<\/div>\n\t\t<div class=\"elementor-element elementor-element-fb8a177 e-con-full e-flex e-con e-child\" data-id=\"fb8a177\" data-element_type=\"container\">\n\t\t\t\t<div class=\"elementor-element elementor-element-8a04fc2 elementor-widget elementor-widget-text-editor\" data-id=\"8a04fc2\" data-element_type=\"widget\" data-widget_type=\"text-editor.default\">\n\t\t\t\t<div class=\"elementor-widget-container\">\n\t\t\t\t\t\t\t<p>Deben seguirse algunas normas para garantizar tu disfrute y el de los dem\u00e1s invitados.<br \/>\nLee atentamente las instrucciones que figuran a continuaci\u00f3n y ponte en contacto con nosotros si tienes alguna duda. <\/p>\n\t\t\t\t\t\t<\/div>\n\t\t\t\t<\/div>\n\t\t\t\t<\/div>\n\t\t\t\t<\/div>\n\t\t\t\t\t<\/div>\n\t\t\t\t<\/div>\n\t\t<div class=\"elementor-element elementor-element-7bfa4e6 e-flex e-con-boxed e-con e-parent\" data-id=\"7bfa4e6\" data-element_type=\"container\">\n\t\t\t\t\t<div class=\"e-con-inner\">\n\t\t<div class=\"elementor-element elementor-element-10d1d82 e-con-full e-flex e-con e-child\" data-id=\"10d1d82\" data-element_type=\"container\">\n\t\t\t\t<div class=\"elementor-element elementor-element-e39b991 elementor-widget elementor-widget-heading\" data-id=\"e39b991\" data-element_type=\"widget\" data-widget_type=\"heading.default\">\n\t\t\t\t<div class=\"elementor-widget-container\">\n\t\t\t<h2 class=\"elementor-heading-title elementor-size-default\">Respeta<\/h2>\t\t<\/div>\n\t\t\t\t<\/div>\n\t\t\t\t<div class=\"elementor-element elementor-element-04b25fe elementor-widget elementor-widget-text-editor\" data-id=\"04b25fe\" data-element_type=\"widget\" data-widget_type=\"text-editor.default\">\n\t\t\t\t<div class=\"elementor-widget-container\">\n\t\t\t\t\t\t\t<p>Por favor, trata nuestra casa con el mismo respeto que tratar\u00edas tu propia casa.<br \/>\nNos hemos esforzado mucho para convertirlo en un espacio encantador del que puedan disfrutar nuestros hu\u00e9spedes. <\/p>\n\t\t\t\t\t\t<\/div>\n\t\t\t\t<\/div>\n\t\t\t\t<\/div>\n\t\t<div class=\"elementor-element elementor-element-044079c e-con-full e-flex e-con e-child\" data-id=\"044079c\" data-element_type=\"container\">\n\t\t\t\t<div class=\"elementor-element elementor-element-664496c elementor-widget elementor-widget-heading\" data-id=\"664496c\" data-element_type=\"widget\" data-widget_type=\"heading.default\">\n\t\t\t\t<div class=\"elementor-widget-container\">\n\t\t\t<h2 class=\"elementor-heading-title elementor-size-default\">Limpieza<\/h2>\t\t<\/div>\n\t\t\t\t<\/div>\n\t\t\t\t<div class=\"elementor-element elementor-element-1614f4e elementor-widget elementor-widget-text-editor\" data-id=\"1614f4e\" data-element_type=\"widget\" data-widget_type=\"text-editor.default\">\n\t\t\t\t<div class=\"elementor-widget-container\">\n\t\t\t\t\t\t\t<p>Aseg\u00farate de mantener un buen nivel de limpieza durante toda tu estancia, \u00a1esto te facilitar\u00e1 mucho las cosas cuando llegue la hora de la salida!<\/p>\n\t\t\t\t\t\t<\/div>\n\t\t\t\t<\/div>\n\t\t\t\t<\/div>\n\t\t<div class=\"elementor-element elementor-element-14179cc e-con-full e-flex e-con e-child\" data-id=\"14179cc\" data-element_type=\"container\">\n\t\t\t\t<div class=\"elementor-element elementor-element-c3547f8 elementor-widget elementor-widget-heading\" data-id=\"c3547f8\" data-element_type=\"widget\" data-widget_type=\"heading.default\">\n\t\t\t\t<div class=\"elementor-widget-container\">\n\t\t\t<h2 class=\"elementor-heading-title elementor-size-default\">Da\u00f1os materiales<\/h2>\t\t<\/div>\n\t\t\t\t<\/div>\n\t\t\t\t<div class=\"elementor-element elementor-element-1786618 elementor-widget elementor-widget-text-editor\" data-id=\"1786618\" data-element_type=\"widget\" data-widget_type=\"text-editor.default\">\n\t\t\t\t<div class=\"elementor-widget-container\">\n\t\t\t\t\t\t\t<p>En caso de cualquier da\u00f1o accidental, estudiaremos el asunto internamente para decidir si procede la deducci\u00f3n o el coste de la reparaci\u00f3n y a cu\u00e1nto ascender\u00e1.<\/p>\n\t\t\t\t\t\t<\/div>\n\t\t\t\t<\/div>\n\t\t\t\t<\/div>\n\t\t<div class=\"elementor-element elementor-element-fafa1c5 e-con-full e-flex e-con e-child\" data-id=\"fafa1c5\" data-element_type=\"container\">\n\t\t\t\t<div class=\"elementor-element elementor-element-9e869ee elementor-widget elementor-widget-heading\" data-id=\"9e869ee\" data-element_type=\"widget\" data-widget_type=\"heading.default\">\n\t\t\t\t<div class=\"elementor-widget-container\">\n\t\t\t<h2 class=\"elementor-heading-title elementor-size-default\">Silencio<\/h2>\t\t<\/div>\n\t\t\t\t<\/div>\n\t\t\t\t<div class=\"elementor-element elementor-element-5431b66 elementor-widget elementor-widget-text-editor\" data-id=\"5431b66\" data-element_type=\"widget\" data-widget_type=\"text-editor.default\">\n\t\t\t\t<div class=\"elementor-widget-container\">\n\t\t\t\t\t\t\t<p>\u00a1Esperamos que tengas muchas risas y momentos divertidos durante tus vacaciones!<br \/>\nSin embargo, te agradecer\u00edamos mucho que fueras atento y mantuvieras el ruido al m\u00ednimo durante las horas nocturnas (de 23.00 a 7.00 h). <\/p>\n\t\t\t\t\t\t<\/div>\n\t\t\t\t<\/div>\n\t\t\t\t<\/div>\n\t\t<div class=\"elementor-element elementor-element-ccc05a0 e-con-full e-flex e-con e-child\" data-id=\"ccc05a0\" data-element_type=\"container\">\n\t\t\t\t<div class=\"elementor-element elementor-element-5a87738 elementor-widget elementor-widget-heading\" data-id=\"5a87738\" data-element_type=\"widget\" data-widget_type=\"heading.default\">\n\t\t\t\t<div class=\"elementor-widget-container\">\n\t\t\t<h2 class=\"elementor-heading-title elementor-size-default\">Humo<\/h2>\t\t<\/div>\n\t\t\t\t<\/div>\n\t\t\t\t<div class=\"elementor-element elementor-element-61c867e elementor-widget elementor-widget-text-editor\" data-id=\"61c867e\" data-element_type=\"widget\" data-widget_type=\"text-editor.default\">\n\t\t\t\t<div class=\"elementor-widget-container\">\n\t\t\t\t\t\t\t<p>Por favor, no fumes en la casa, tienes mucho espacio para hacerlo fuera y preservar el aire fresco de la casa para los dem\u00e1s hu\u00e9spedes.<\/p>\n\t\t\t\t\t\t<\/div>\n\t\t\t\t<\/div>\n\t\t\t\t<\/div>\n\t\t<div class=\"elementor-element elementor-element-57ade6d e-con-full e-flex e-con e-child\" data-id=\"57ade6d\" data-element_type=\"container\">\n\t\t\t\t<div class=\"elementor-element elementor-element-2d79745 elementor-widget elementor-widget-heading\" data-id=\"2d79745\" data-element_type=\"widget\" data-widget_type=\"heading.default\">\n\t\t\t\t<div class=\"elementor-widget-container\">\n\t\t\t<h2 class=\"elementor-heading-title elementor-size-default\">Salida<\/h2>\t\t<\/div>\n\t\t\t\t<\/div>\n\t\t\t\t<div class=\"elementor-element elementor-element-a07a262 elementor-widget elementor-widget-text-editor\" data-id=\"a07a262\" data-element_type=\"widget\" data-widget_type=\"text-editor.default\">\n\t\t\t\t<div class=\"elementor-widget-container\">\n\t\t\t\t\t\t\t<p>La hora de salida es a las 11.00. Ponte en contacto con nosotros para acordar otra hora e intentaremos ayudarte.<\/p>\n\t\t\t\t\t\t<\/div>\n\t\t\t\t<\/div>\n\t\t\t\t<\/div>\n\t\t<div class=\"elementor-element elementor-element-00186d1 e-con-full e-flex e-con e-child\" data-id=\"00186d1\" data-element_type=\"container\">\n\t\t\t\t<div class=\"elementor-element elementor-element-05c3934 elementor-widget elementor-widget-heading\" data-id=\"05c3934\" data-element_type=\"widget\" data-widget_type=\"heading.default\">\n\t\t\t\t<div class=\"elementor-widget-container\">\n\t\t\t<h2 class=\"elementor-heading-title elementor-size-default\">Mascotas<\/h2>\t\t<\/div>\n\t\t\t\t<\/div>\n\t\t\t\t<div class=\"elementor-element elementor-element-1452d02 elementor-widget elementor-widget-text-editor\" data-id=\"1452d02\" data-element_type=\"widget\" data-widget_type=\"text-editor.default\">\n\t\t\t\t<div class=\"elementor-widget-container\">\n\t\t\t\t\t\t\t<p>Se admiten mascotas de peque\u00f1o tama\u00f1o, pero aseg\u00farate de mantener la casa limpia como lo har\u00edas si fueran tus hijos.<\/p>\n\t\t\t\t\t\t<\/div>\n\t\t\t\t<\/div>\n\t\t\t\t<\/div>\n\t\t<div class=\"elementor-element elementor-element-13421c0 e-con-full e-flex e-con e-child\" data-id=\"13421c0\" data-element_type=\"container\">\n\t\t\t\t<div class=\"elementor-element elementor-element-cd681d9 elementor-widget elementor-widget-heading\" data-id=\"cd681d9\" data-element_type=\"widget\" data-widget_type=\"heading.default\">\n\t\t\t\t<div class=\"elementor-widget-container\">\n\t\t\t<h2 class=\"elementor-heading-title elementor-size-default\">Otros<\/h2>\t\t<\/div>\n\t\t\t\t<\/div>\n\t\t\t\t<div class=\"elementor-element elementor-element-74e8c55 elementor-widget elementor-widget-text-editor\" data-id=\"74e8c55\" data-element_type=\"widget\" data-widget_type=\"text-editor.default\">\n\t\t\t\t<div class=\"elementor-widget-container\">\n\t\t\t\t\t\t\t<p>Por favor, aseg\u00farate de leer y comprender completamente las normas de la casa al principio de tu estancia.<br \/>\nSi algo no est\u00e1 claro, ponte en contacto con nosotros para que podamos explic\u00e1rtelo con m\u00e1s detalle y evitar malentendidos. <\/p>\n\t\t\t\t\t\t<\/div>\n\t\t\t\t<\/div>\n\t\t\t\t<\/div>\n\t\t\t\t<div class=\"elementor-element elementor-element-8d61a26 elementor-widget elementor-widget-text-editor\" data-id=\"8d61a26\" data-element_type=\"widget\" data-widget_type=\"text-editor.default\">\n\t\t\t\t<div class=\"elementor-widget-container\">\n\t\t\t\t\t\t\t<p>\u00a1Divi\u00e9rtete!<br \/>\nEstas son tus vacaciones y esperamos que aproveches al m\u00e1ximo nuestra casa, sus comodidades y la oportunidad de relajarte y visitar los alrededores. <\/p>\n\t\t\t\t\t\t<\/div>\n\t\t\t\t<\/div>\n\t\t\t\t\t<\/div>\n\t\t\t\t<\/div>\n\t\t\t\t<\/div>\n\t\t","protected":false},"excerpt":{"rendered":"<p>Normas de la casa Calmare es un espacio para que te sientas siempre libre y segura Deben seguirse algunas normas para garantizar tu disfrute y el de los dem\u00e1s invitados. Lee atentamente las instrucciones que figuran a continuaci\u00f3n y ponte en contacto con nosotros si tienes alguna duda. Respeta Por favor, trata nuestra casa con [&hellip;]<\/p>\n","protected":false},"author":1,"featured_media":0,"parent":0,"menu_order":0,"comment_status":"closed","ping_status":"closed","template":"","meta":{"_acf_changed":false,"footnotes":""},"class_list":["post-2220","page","type-page","status-publish","hentry"],"acf":[],"yoast_head":"<!-- This site is optimized with the Yoast SEO plugin v24.0 - https:\/\/yoast.com\/wordpress\/plugins\/seo\/ -->\n<title>Normas de la casa - Calmare<\/title>\n<meta name=\"robots\" content=\"noindex, follow, max-snippet:-1, max-image-preview:large, max-video-preview:-1\" \/>\n<meta property=\"og:locale\" content=\"es_ES\" \/>\n<meta property=\"og:type\" content=\"article\" \/>\n<meta property=\"og:title\" content=\"Normas de la casa - Calmare\" \/>\n<meta property=\"og:description\" content=\"Normas de la casa Calmare es un espacio para que te sientas siempre libre y segura Deben seguirse algunas normas para garantizar tu disfrute y el de los dem\u00e1s invitados. Lee atentamente las instrucciones que figuran a continuaci\u00f3n y ponte en contacto con nosotros si tienes alguna duda. Respeta Por favor, trata nuestra casa con [&hellip;]\" \/>\n<meta property=\"og:url\" content=\"https:\/\/calmare.atoom.space\/es\/normas-de-la-casa\/\" \/>\n<meta property=\"og:site_name\" content=\"Calmare\" \/>\n<meta property=\"article:modified_time\" content=\"2024-12-03T11:46:51+00:00\" \/>\n<meta name=\"twitter:card\" content=\"summary_large_image\" \/>\n<meta name=\"twitter:label1\" content=\"Tiempo de lectura\" \/>\n\t<meta name=\"twitter:data1\" content=\"2 minutos\" \/>\n<script type=\"application\/ld+json\" class=\"yoast-schema-graph\">{\"@context\":\"https:\/\/schema.org\",\"@graph\":[{\"@type\":\"WebPage\",\"@id\":\"https:\/\/calmare.atoom.space\/es\/normas-de-la-casa\/\",\"url\":\"https:\/\/calmare.atoom.space\/es\/normas-de-la-casa\/\",\"name\":\"Normas de la casa - Calmare\",\"isPartOf\":{\"@id\":\"https:\/\/calmare.atoom.space\/es\/#website\"},\"datePublished\":\"2024-11-06T16:27:27+00:00\",\"dateModified\":\"2024-12-03T11:46:51+00:00\",\"breadcrumb\":{\"@id\":\"https:\/\/calmare.atoom.space\/es\/normas-de-la-casa\/#breadcrumb\"},\"inLanguage\":\"es\",\"potentialAction\":[{\"@type\":\"ReadAction\",\"target\":[\"https:\/\/calmare.atoom.space\/es\/normas-de-la-casa\/\"]}]},{\"@type\":\"BreadcrumbList\",\"@id\":\"https:\/\/calmare.atoom.space\/es\/normas-de-la-casa\/#breadcrumb\",\"itemListElement\":[{\"@type\":\"ListItem\",\"position\":1,\"name\":\"Home\",\"item\":\"https:\/\/calmare.atoom.space\/es\/\"},{\"@type\":\"ListItem\",\"position\":2,\"name\":\"Normas de la casa\"}]},{\"@type\":\"WebSite\",\"@id\":\"https:\/\/calmare.atoom.space\/es\/#website\",\"url\":\"https:\/\/calmare.atoom.space\/es\/\",\"name\":\"Calmare\",\"description\":\"\",\"publisher\":{\"@id\":\"https:\/\/calmare.atoom.space\/es\/#organization\"},\"potentialAction\":[{\"@type\":\"SearchAction\",\"target\":{\"@type\":\"EntryPoint\",\"urlTemplate\":\"https:\/\/calmare.atoom.space\/es\/?s={search_term_string}\"},\"query-input\":{\"@type\":\"PropertyValueSpecification\",\"valueRequired\":true,\"valueName\":\"search_term_string\"}}],\"inLanguage\":\"es\"},{\"@type\":\"Organization\",\"@id\":\"https:\/\/calmare.atoom.space\/es\/#organization\",\"name\":\"Calmare\",\"url\":\"https:\/\/calmare.atoom.space\/es\/\",\"logo\":{\"@type\":\"ImageObject\",\"inLanguage\":\"es\",\"@id\":\"https:\/\/calmare.atoom.space\/es\/#\/schema\/logo\/image\/\",\"url\":\"https:\/\/calmare.atoom.space\/wp-content\/uploads\/2024\/11\/logo-calmare.jpg\",\"contentUrl\":\"https:\/\/calmare.atoom.space\/wp-content\/uploads\/2024\/11\/logo-calmare.jpg\",\"width\":616,\"height\":206,\"caption\":\"Calmare\"},\"image\":{\"@id\":\"https:\/\/calmare.atoom.space\/es\/#\/schema\/logo\/image\/\"}}]}<\/script>\n<!-- \/ Yoast SEO plugin. -->","yoast_head_json":{"title":"Normas de la casa - Calmare","robots":{"index":"noindex","follow":"follow","max-snippet":"max-snippet:-1","max-image-preview":"max-image-preview:large","max-video-preview":"max-video-preview:-1"},"og_locale":"es_ES","og_type":"article","og_title":"Normas de la casa - Calmare","og_description":"Normas de la casa Calmare es un espacio para que te sientas siempre libre y segura Deben seguirse algunas normas para garantizar tu disfrute y el de los dem\u00e1s invitados. Lee atentamente las instrucciones que figuran a continuaci\u00f3n y ponte en contacto con nosotros si tienes alguna duda. Respeta Por favor, trata nuestra casa con [&hellip;]","og_url":"https:\/\/calmare.atoom.space\/es\/normas-de-la-casa\/","og_site_name":"Calmare","article_modified_time":"2024-12-03T11:46:51+00:00","twitter_card":"summary_large_image","twitter_misc":{"Tiempo de lectura":"2 minutos"},"schema":{"@context":"https:\/\/schema.org","@graph":[{"@type":"WebPage","@id":"https:\/\/calmare.atoom.space\/es\/normas-de-la-casa\/","url":"https:\/\/calmare.atoom.space\/es\/normas-de-la-casa\/","name":"Normas de la casa - Calmare","isPartOf":{"@id":"https:\/\/calmare.atoom.space\/es\/#website"},"datePublished":"2024-11-06T16:27:27+00:00","dateModified":"2024-12-03T11:46:51+00:00","breadcrumb":{"@id":"https:\/\/calmare.atoom.space\/es\/normas-de-la-casa\/#breadcrumb"},"inLanguage":"es","potentialAction":[{"@type":"ReadAction","target":["https:\/\/calmare.atoom.space\/es\/normas-de-la-casa\/"]}]},{"@type":"BreadcrumbList","@id":"https:\/\/calmare.atoom.space\/es\/normas-de-la-casa\/#breadcrumb","itemListElement":[{"@type":"ListItem","position":1,"name":"Home","item":"https:\/\/calmare.atoom.space\/es\/"},{"@type":"ListItem","position":2,"name":"Normas de la casa"}]},{"@type":"WebSite","@id":"https:\/\/calmare.atoom.space\/es\/#website","url":"https:\/\/calmare.atoom.space\/es\/","name":"Calmare","description":"","publisher":{"@id":"https:\/\/calmare.atoom.space\/es\/#organization"},"potentialAction":[{"@type":"SearchAction","target":{"@type":"EntryPoint","urlTemplate":"https:\/\/calmare.atoom.space\/es\/?s={search_term_string}"},"query-input":{"@type":"PropertyValueSpecification","valueRequired":true,"valueName":"search_term_string"}}],"inLanguage":"es"},{"@type":"Organization","@id":"https:\/\/calmare.atoom.space\/es\/#organization","name":"Calmare","url":"https:\/\/calmare.atoom.space\/es\/","logo":{"@type":"ImageObject","inLanguage":"es","@id":"https:\/\/calmare.atoom.space\/es\/#\/schema\/logo\/image\/","url":"https:\/\/calmare.atoom.space\/wp-content\/uploads\/2024\/11\/logo-calmare.jpg","contentUrl":"https:\/\/calmare.atoom.space\/wp-content\/uploads\/2024\/11\/logo-calmare.jpg","width":616,"height":206,"caption":"Calmare"},"image":{"@id":"https:\/\/calmare.atoom.space\/es\/#\/schema\/logo\/image\/"}}]}},"_links":{"self":[{"href":"https:\/\/calmare.atoom.space\/es\/wp-json\/wp\/v2\/pages\/2220","targetHints":{"allow":["GET"]}}],"collection":[{"href":"https:\/\/calmare.atoom.space\/es\/wp-json\/wp\/v2\/pages"}],"about":[{"href":"https:\/\/calmare.atoom.space\/es\/wp-json\/wp\/v2\/types\/page"}],"author":[{"embeddable":true,"href":"https:\/\/calmare.atoom.space\/es\/wp-json\/wp\/v2\/users\/1"}],"replies":[{"embeddable":true,"href":"https:\/\/calmare.atoom.space\/es\/wp-json\/wp\/v2\/comments?post=2220"}],"version-history":[{"count":2,"href":"https:\/\/calmare.atoom.space\/es\/wp-json\/wp\/v2\/pages\/2220\/revisions"}],"predecessor-version":[{"id":2595,"href":"https:\/\/calmare.atoom.space\/es\/wp-json\/wp\/v2\/pages\/2220\/revisions\/2595"}],"wp:attachment":[{"href":"https:\/\/calmare.atoom.space\/es\/wp-json\/wp\/v2\/media?parent=2220"}],"curies":[{"name":"wp","href":"https:\/\/api.w.org\/{rel}","templated":true}]}}