{"id":2251,"date":"2024-11-06T17:27:20","date_gmt":"2024-11-06T16:27:20","guid":{"rendered":"https:\/\/calmare.atoom.space\/stornierungsbedingungen\/"},"modified":"2024-12-03T12:42:23","modified_gmt":"2024-12-03T11:42:23","slug":"stornierungsbedingungen","status":"publish","type":"page","link":"https:\/\/calmare.atoom.space\/de\/stornierungsbedingungen\/","title":{"rendered":"Stornierungsbedingungen"},"content":{"rendered":"\t\t<div data-elementor-type=\"wp-page\" data-elementor-id=\"2251\" class=\"elementor elementor-2251 elementor-214\" data-elementor-post-type=\"page\">\n\t\t\t\t<div class=\"elementor-element elementor-element-1c38720 e-flex e-con-boxed e-con e-parent\" data-id=\"1c38720\" data-element_type=\"container\">\n\t\t\t\t\t<div class=\"e-con-inner\">\n\t\t\t\t<div class=\"elementor-element elementor-element-c125d81 elementor-widget elementor-widget-heading\" data-id=\"c125d81\" data-element_type=\"widget\" data-widget_type=\"heading.default\">\n\t\t\t\t<div class=\"elementor-widget-container\">\n\t\t\t<h1 class=\"elementor-heading-title elementor-size-default\">Stornierungsbedingungen<\/h1>\t\t<\/div>\n\t\t\t\t<\/div>\n\t\t<div class=\"elementor-element elementor-element-6cf1cb6 e-con-full e-flex e-con e-child\" data-id=\"6cf1cb6\" data-element_type=\"container\">\n\t\t<div class=\"elementor-element elementor-element-9a8c586 e-con-full e-flex e-con e-child\" data-id=\"9a8c586\" data-element_type=\"container\">\n\t\t\t\t<div class=\"elementor-element elementor-element-cfff347 elementor-widget elementor-widget-heading\" data-id=\"cfff347\" data-element_type=\"widget\" data-widget_type=\"heading.default\">\n\t\t\t\t<div class=\"elementor-widget-container\">\n\t\t\t<h2 class=\"elementor-heading-title elementor-size-default\">W\u00e4hlen Sie die f\u00fcr Sie beste Option.<\/h2>\t\t<\/div>\n\t\t\t\t<\/div>\n\t\t\t\t<\/div>\n\t\t<div class=\"elementor-element elementor-element-6126846 e-con-full e-flex e-con e-child\" data-id=\"6126846\" data-element_type=\"container\">\n\t\t\t\t<div class=\"elementor-element elementor-element-f1e032b elementor-widget elementor-widget-text-editor\" data-id=\"f1e032b\" data-element_type=\"widget\" data-widget_type=\"text-editor.default\">\n\t\t\t\t<div class=\"elementor-widget-container\">\n\t\t\t\t\t\t\t<p>Um unseren G\u00e4sten die Arbeit zu erleichtern, bieten wir eine flexible Stornierungspolitik und eine erm\u00e4\u00dfigte, nicht erstattungsf\u00e4hige Option an.<br \/>\nBitte lesen Sie die Details unten. <\/p>\n\t\t\t\t\t\t<\/div>\n\t\t\t\t<\/div>\n\t\t\t\t<\/div>\n\t\t\t\t<\/div>\n\t\t\t\t\t<\/div>\n\t\t\t\t<\/div>\n\t\t<div class=\"elementor-element elementor-element-9b1b187 e-flex e-con-boxed e-con e-parent\" data-id=\"9b1b187\" data-element_type=\"container\">\n\t\t\t\t\t<div class=\"e-con-inner\">\n\t\t<div class=\"elementor-element elementor-element-d055e63 e-con-full e-flex e-con e-child\" data-id=\"d055e63\" data-element_type=\"container\">\n\t\t\t\t<div class=\"elementor-element elementor-element-22a732d elementor-widget elementor-widget-heading\" data-id=\"22a732d\" data-element_type=\"widget\" data-widget_type=\"heading.default\">\n\t\t\t\t<div class=\"elementor-widget-container\">\n\t\t\t<h2 class=\"elementor-heading-title elementor-size-default\">Flexibel (Standardrichtlinie)<\/h2>\t\t<\/div>\n\t\t\t\t<\/div>\n\t\t\t\t<div class=\"elementor-element elementor-element-3684118 elementor-widget elementor-widget-text-editor\" data-id=\"3684118\" data-element_type=\"widget\" data-widget_type=\"text-editor.default\">\n\t\t\t\t<div class=\"elementor-widget-container\">\n\t\t\t\t\t\t\t<p>Bei Stornierungen bis zu 30 Tagen vor dem Check-in erstatten wir Ihnen den vollen Betrag.<br \/>\nBei Buchungen, die weniger als 30 Tage vor dem Check-in erfolgen, wird der volle Preis erstattet, wenn die Stornierung innerhalb von 48 Stunden nach der Buchung und mindestens 14 Tage vor dem Check-in erfolgt.<br \/>\nDanach 50% Erstattung bis zu 7 Tage vor dem Check-in.<br \/>\nDanach gibt es keine Erstattung mehr.   <\/p>\n\t\t\t\t\t\t<\/div>\n\t\t\t\t<\/div>\n\t\t\t\t<\/div>\n\t\t<div class=\"elementor-element elementor-element-c2b7efa e-con-full e-flex e-con e-child\" data-id=\"c2b7efa\" data-element_type=\"container\">\n\t\t\t\t<div class=\"elementor-element elementor-element-e5da802 elementor-widget elementor-widget-heading\" data-id=\"e5da802\" data-element_type=\"widget\" data-widget_type=\"heading.default\">\n\t\t\t\t<div class=\"elementor-widget-container\">\n\t\t\t<h2 class=\"elementor-heading-title elementor-size-default\">Nicht erstattungsf\u00e4hig (optional)  <\/h2>\t\t<\/div>\n\t\t\t\t<\/div>\n\t\t\t\t<div class=\"elementor-element elementor-element-6100ae8 elementor-widget elementor-widget-text-editor\" data-id=\"6100ae8\" data-element_type=\"widget\" data-widget_type=\"text-editor.default\">\n\t\t\t\t<div class=\"elementor-widget-container\">\n\t\t\t\t\t\t\t<p>G\u00e4ste k\u00f6nnen eine nicht erstattungsf\u00e4hige Option w\u00e4hlen und erhalten einen Rabatt von 10% auf den Grundpreis. Wir behalten ihre gesamte Auszahlung, wenn ein Gast storniert, abz\u00fcglich der Reinigungsgeb\u00fchr, wenn die Stornierung vor dem Check-in erfolgt. . Bitte setzen Sie sich mit uns in Verbindung, wenn Sie diese Politik anwenden m\u00f6chten, damit wir den genauen Rabatt f\u00fcr Sie berechnen k\u00f6nnen.<\/p>\n\t\t\t\t\t\t<\/div>\n\t\t\t\t<\/div>\n\t\t\t\t<\/div>\n\t\t<div class=\"elementor-element elementor-element-1f9d993 e-con-full e-flex e-con e-child\" data-id=\"1f9d993\" data-element_type=\"container\" data-settings=\"{&quot;background_background&quot;:&quot;classic&quot;}\">\n\t\t\t\t<div class=\"elementor-element elementor-element-9e08ab8 elementor-widget elementor-widget-text-editor\" data-id=\"9e08ab8\" data-element_type=\"widget\" data-widget_type=\"text-editor.default\">\n\t\t\t\t<div class=\"elementor-widget-container\">\n\t\t\t\t\t\t\t<p>Sollten Sie Ihre Reservierung stornieren m\u00fcssen, informieren Sie uns bitte ausschlie\u00dflich per E-Mail an info@dreamingmyway.com.<\/p>\n<p>Wir empfehlen Ihnen, eine Reiseversicherung abzuschlie\u00dfen.<br \/>\nDiese Bedingungen werden automatisch akzeptiert, sobald die Reservierung abgeschlossen ist.<br \/>\nWir behalten uns das Recht vor, diese Bedingungen jederzeit zu \u00e4ndern.  <\/p>\n\t\t\t\t\t\t<\/div>\n\t\t\t\t<\/div>\n\t\t\t\t<\/div>\n\t\t\t\t\t<\/div>\n\t\t\t\t<\/div>\n\t\t\t\t<\/div>\n\t\t","protected":false},"excerpt":{"rendered":"<p>Stornierungsbedingungen W\u00e4hlen Sie die f\u00fcr Sie beste Option. Um unseren G\u00e4sten die Arbeit zu erleichtern, bieten wir eine flexible Stornierungspolitik und eine erm\u00e4\u00dfigte, nicht erstattungsf\u00e4hige Option an. Bitte lesen Sie die Details unten. Flexibel (Standardrichtlinie) Bei Stornierungen bis zu 30 Tagen vor dem Check-in erstatten wir Ihnen den vollen Betrag. Bei Buchungen, die weniger als [&hellip;]<\/p>\n","protected":false},"author":1,"featured_media":0,"parent":0,"menu_order":0,"comment_status":"closed","ping_status":"closed","template":"","meta":{"_acf_changed":false,"footnotes":""},"class_list":["post-2251","page","type-page","status-publish","hentry"],"acf":[],"yoast_head":"<!-- This site is optimized with the Yoast SEO plugin v24.0 - https:\/\/yoast.com\/wordpress\/plugins\/seo\/ -->\n<title>Stornierungsbedingungen - Calmare<\/title>\n<meta name=\"robots\" content=\"noindex, follow\" \/>\n<meta property=\"og:locale\" content=\"de_DE\" \/>\n<meta property=\"og:type\" content=\"article\" \/>\n<meta property=\"og:title\" content=\"Stornierungsbedingungen - Calmare\" \/>\n<meta property=\"og:description\" content=\"Stornierungsbedingungen W\u00e4hlen Sie die f\u00fcr Sie beste Option. Um unseren G\u00e4sten die Arbeit zu erleichtern, bieten wir eine flexible Stornierungspolitik und eine erm\u00e4\u00dfigte, nicht erstattungsf\u00e4hige Option an. Bitte lesen Sie die Details unten. Flexibel (Standardrichtlinie) Bei Stornierungen bis zu 30 Tagen vor dem Check-in erstatten wir Ihnen den vollen Betrag. Bei Buchungen, die weniger als [&hellip;]\" \/>\n<meta property=\"og:url\" content=\"https:\/\/calmare.atoom.space\/de\/stornierungsbedingungen\/\" \/>\n<meta property=\"og:site_name\" content=\"Calmare\" \/>\n<meta property=\"article:modified_time\" content=\"2024-12-03T11:42:23+00:00\" \/>\n<meta name=\"twitter:card\" content=\"summary_large_image\" \/>\n<meta name=\"twitter:label1\" content=\"Gesch\u00e4tzte Lesezeit\" \/>\n\t<meta name=\"twitter:data1\" content=\"1\u00a0Minute\" \/>\n<script type=\"application\/ld+json\" class=\"yoast-schema-graph\">{\"@context\":\"https:\/\/schema.org\",\"@graph\":[{\"@type\":\"WebPage\",\"@id\":\"https:\/\/calmare.atoom.space\/de\/stornierungsbedingungen\/\",\"url\":\"https:\/\/calmare.atoom.space\/de\/stornierungsbedingungen\/\",\"name\":\"Stornierungsbedingungen - Calmare\",\"isPartOf\":{\"@id\":\"https:\/\/calmare.atoom.space\/de\/#website\"},\"datePublished\":\"2024-11-06T16:27:20+00:00\",\"dateModified\":\"2024-12-03T11:42:23+00:00\",\"breadcrumb\":{\"@id\":\"https:\/\/calmare.atoom.space\/de\/stornierungsbedingungen\/#breadcrumb\"},\"inLanguage\":\"de\",\"potentialAction\":[{\"@type\":\"ReadAction\",\"target\":[\"https:\/\/calmare.atoom.space\/de\/stornierungsbedingungen\/\"]}]},{\"@type\":\"BreadcrumbList\",\"@id\":\"https:\/\/calmare.atoom.space\/de\/stornierungsbedingungen\/#breadcrumb\",\"itemListElement\":[{\"@type\":\"ListItem\",\"position\":1,\"name\":\"Home\",\"item\":\"https:\/\/calmare.atoom.space\/de\/\"},{\"@type\":\"ListItem\",\"position\":2,\"name\":\"Stornierungsbedingungen\"}]},{\"@type\":\"WebSite\",\"@id\":\"https:\/\/calmare.atoom.space\/de\/#website\",\"url\":\"https:\/\/calmare.atoom.space\/de\/\",\"name\":\"Calmare\",\"description\":\"\",\"publisher\":{\"@id\":\"https:\/\/calmare.atoom.space\/de\/#organization\"},\"potentialAction\":[{\"@type\":\"SearchAction\",\"target\":{\"@type\":\"EntryPoint\",\"urlTemplate\":\"https:\/\/calmare.atoom.space\/de\/?s={search_term_string}\"},\"query-input\":{\"@type\":\"PropertyValueSpecification\",\"valueRequired\":true,\"valueName\":\"search_term_string\"}}],\"inLanguage\":\"de\"},{\"@type\":\"Organization\",\"@id\":\"https:\/\/calmare.atoom.space\/de\/#organization\",\"name\":\"Calmare\",\"url\":\"https:\/\/calmare.atoom.space\/de\/\",\"logo\":{\"@type\":\"ImageObject\",\"inLanguage\":\"de\",\"@id\":\"https:\/\/calmare.atoom.space\/de\/#\/schema\/logo\/image\/\",\"url\":\"https:\/\/calmare.atoom.space\/wp-content\/uploads\/2024\/11\/logo-calmare.jpg\",\"contentUrl\":\"https:\/\/calmare.atoom.space\/wp-content\/uploads\/2024\/11\/logo-calmare.jpg\",\"width\":616,\"height\":206,\"caption\":\"Calmare\"},\"image\":{\"@id\":\"https:\/\/calmare.atoom.space\/de\/#\/schema\/logo\/image\/\"}}]}<\/script>\n<!-- \/ Yoast SEO plugin. -->","yoast_head_json":{"title":"Stornierungsbedingungen - Calmare","robots":{"index":"noindex","follow":"follow"},"og_locale":"de_DE","og_type":"article","og_title":"Stornierungsbedingungen - Calmare","og_description":"Stornierungsbedingungen W\u00e4hlen Sie die f\u00fcr Sie beste Option. Um unseren G\u00e4sten die Arbeit zu erleichtern, bieten wir eine flexible Stornierungspolitik und eine erm\u00e4\u00dfigte, nicht erstattungsf\u00e4hige Option an. Bitte lesen Sie die Details unten. Flexibel (Standardrichtlinie) Bei Stornierungen bis zu 30 Tagen vor dem Check-in erstatten wir Ihnen den vollen Betrag. Bei Buchungen, die weniger als [&hellip;]","og_url":"https:\/\/calmare.atoom.space\/de\/stornierungsbedingungen\/","og_site_name":"Calmare","article_modified_time":"2024-12-03T11:42:23+00:00","twitter_card":"summary_large_image","twitter_misc":{"Gesch\u00e4tzte Lesezeit":"1\u00a0Minute"},"schema":{"@context":"https:\/\/schema.org","@graph":[{"@type":"WebPage","@id":"https:\/\/calmare.atoom.space\/de\/stornierungsbedingungen\/","url":"https:\/\/calmare.atoom.space\/de\/stornierungsbedingungen\/","name":"Stornierungsbedingungen - Calmare","isPartOf":{"@id":"https:\/\/calmare.atoom.space\/de\/#website"},"datePublished":"2024-11-06T16:27:20+00:00","dateModified":"2024-12-03T11:42:23+00:00","breadcrumb":{"@id":"https:\/\/calmare.atoom.space\/de\/stornierungsbedingungen\/#breadcrumb"},"inLanguage":"de","potentialAction":[{"@type":"ReadAction","target":["https:\/\/calmare.atoom.space\/de\/stornierungsbedingungen\/"]}]},{"@type":"BreadcrumbList","@id":"https:\/\/calmare.atoom.space\/de\/stornierungsbedingungen\/#breadcrumb","itemListElement":[{"@type":"ListItem","position":1,"name":"Home","item":"https:\/\/calmare.atoom.space\/de\/"},{"@type":"ListItem","position":2,"name":"Stornierungsbedingungen"}]},{"@type":"WebSite","@id":"https:\/\/calmare.atoom.space\/de\/#website","url":"https:\/\/calmare.atoom.space\/de\/","name":"Calmare","description":"","publisher":{"@id":"https:\/\/calmare.atoom.space\/de\/#organization"},"potentialAction":[{"@type":"SearchAction","target":{"@type":"EntryPoint","urlTemplate":"https:\/\/calmare.atoom.space\/de\/?s={search_term_string}"},"query-input":{"@type":"PropertyValueSpecification","valueRequired":true,"valueName":"search_term_string"}}],"inLanguage":"de"},{"@type":"Organization","@id":"https:\/\/calmare.atoom.space\/de\/#organization","name":"Calmare","url":"https:\/\/calmare.atoom.space\/de\/","logo":{"@type":"ImageObject","inLanguage":"de","@id":"https:\/\/calmare.atoom.space\/de\/#\/schema\/logo\/image\/","url":"https:\/\/calmare.atoom.space\/wp-content\/uploads\/2024\/11\/logo-calmare.jpg","contentUrl":"https:\/\/calmare.atoom.space\/wp-content\/uploads\/2024\/11\/logo-calmare.jpg","width":616,"height":206,"caption":"Calmare"},"image":{"@id":"https:\/\/calmare.atoom.space\/de\/#\/schema\/logo\/image\/"}}]}},"_links":{"self":[{"href":"https:\/\/calmare.atoom.space\/de\/wp-json\/wp\/v2\/pages\/2251","targetHints":{"allow":["GET"]}}],"collection":[{"href":"https:\/\/calmare.atoom.space\/de\/wp-json\/wp\/v2\/pages"}],"about":[{"href":"https:\/\/calmare.atoom.space\/de\/wp-json\/wp\/v2\/types\/page"}],"author":[{"embeddable":true,"href":"https:\/\/calmare.atoom.space\/de\/wp-json\/wp\/v2\/users\/1"}],"replies":[{"embeddable":true,"href":"https:\/\/calmare.atoom.space\/de\/wp-json\/wp\/v2\/comments?post=2251"}],"version-history":[{"count":2,"href":"https:\/\/calmare.atoom.space\/de\/wp-json\/wp\/v2\/pages\/2251\/revisions"}],"predecessor-version":[{"id":2590,"href":"https:\/\/calmare.atoom.space\/de\/wp-json\/wp\/v2\/pages\/2251\/revisions\/2590"}],"wp:attachment":[{"href":"https:\/\/calmare.atoom.space\/de\/wp-json\/wp\/v2\/media?parent=2251"}],"curies":[{"name":"wp","href":"https:\/\/api.w.org\/{rel}","templated":true}]}}