{"id":1683,"date":"2024-09-26T19:37:27","date_gmt":"2024-09-26T17:37:27","guid":{"rendered":"https:\/\/calmare.atoom.space\/datenschutzbestimmungen\/"},"modified":"2024-12-03T12:51:46","modified_gmt":"2024-12-03T11:51:46","slug":"datenschutzbestimmungen","status":"publish","type":"page","link":"https:\/\/calmare.atoom.space\/de\/datenschutzbestimmungen\/","title":{"rendered":"Datenschutzbestimmungen"},"content":{"rendered":"<h1>Datenschutzbestimmungen<\/h1>\n<h2>Wir ziehen es vor, keine Benutzerinformationen zu speichern, wenn dies nicht unbedingt erforderlich ist.<\/h2>\n<p>Allerdings m\u00fcssen wir aufgrund lokaler Gesetze zumindest die Daten unserer G\u00e4ste \u00fcber ein Kontaktformular aufbewahren (Name, ID, Telefonnummer und E-Mail-Adresse). Wir versprechen, uns gut darum zu k\u00fcmmern, wie Sie unten lesen k\u00f6nnen.<\/p>\n<h2>Vertraulichkeit und Datenschutz<\/h2>\n<p>Im Sinne der Bestimmungen der RGPD vom 27. April 2016 informiert FATMAS 2016, S.L. den Nutzer \u00fcber das Vorhandensein einer automatisierten Verarbeitung personenbezogener Daten, die von und f\u00fcr FATMAS 2016, S.L. und unter ihrer Verantwortung erstellt wurden, um die Pflege und Verwaltung der Beziehung mit dem Nutzer sowie die Informationsarbeit durchzuf\u00fchren. Zum Zeitpunkt der Annahme dieser allgemeinen Bedingungen, FATMAS 2016, S.L. Der Benutzer wird die Sammlung von wesentlichen Daten f\u00fcr die Erbringung ihrer Dienstleistungen verlangen.<\/p>\n<h2>Registrierung von Akten und Formularen<\/h2>\n<p>Das Ausf\u00fcllen des Registrierungsformulars ist obligatorisch, um auf bestimmte im Internet angebotene Dienste zuzugreifen und sie zu nutzen. Die Nichtbereitstellung der angeforderten pers\u00f6nlichen Daten oder die Nichtakzeptanz dieser Datenschutzpolitik f\u00fchrt dazu, dass Sie sich nicht anmelden, registrieren oder an einer der Werbeaktionen teilnehmen k\u00f6nnen, bei denen pers\u00f6nliche Daten angefordert werden. Im Sinne der Bestimmungen der RGPD vom 27. April 2016 informieren wir Sie dar\u00fcber, dass die pers\u00f6nlichen Daten, die wir infolge Ihrer Registrierung als Nutzer erhalten, in eine Datei aufgenommen werden, die Eigentum von FATMAS 2016, S.L. mit C.I.F B76255801 und Sitz in C \/ MAJANICHO N\u00ba100, URBANIZACI\u00d3N ORIGO MARE VIVIENDA 604, LA OLIVA, 35650, LAS PALMAS, aufgenommen werden, nachdem die im K\u00f6niglichen Dekret 1720\/2007 vom 11. Juni festgelegten Sicherheitsma\u00dfnahmen umgesetzt wurden.<\/p>\n<h2>Genauigkeit und Wahrhaftigkeit der bereitgestellten Daten<\/h2>\n<p>Der Nutzer ist allein f\u00fcr die Richtigkeit und Genauigkeit der angegebenen Daten verantwortlich und entbindet FATMAS 2016, S.L. von jeglicher Verantwortung in dieser Hinsicht. Die Benutzer garantieren und antworten in jedem Fall auf die Richtigkeit, G\u00fcltigkeit und Authentizit\u00e4t der angegebenen pers\u00f6nlichen Daten und verpflichten sich, diese ordnungsgem\u00e4\u00df auf dem neuesten Stand zu halten. Der Benutzer erkl\u00e4rt sich damit einverstanden, vollst\u00e4ndige und korrekte Angaben im Registrierungs- oder Abonnementformular zu machen. FATMAS 2016, S.L. haftet nicht f\u00fcr den Wahrheitsgehalt von Informationen, die nicht von ihr selbst erstellt wurden und f\u00fcr die eine andere Quelle angegeben wird, und \u00fcbernimmt daher auch keine Verantwortung f\u00fcr hypothetische Sch\u00e4den, die durch die Nutzung dieser Informationen verursacht werden k\u00f6nnten. FATMAS 2016, S.L. beh\u00e4lt sich das Recht vor, die auf ihren Webseiten enthaltenen Informationen zu aktualisieren, zu \u00e4ndern oder zu l\u00f6schen und kann den Zugang zu diesen Informationen sogar einschr\u00e4nken oder nicht zulassen. FATMAS 2016, S.L. \u00fcbernimmt keine Verantwortung f\u00fcr Sch\u00e4den oder Verluste, die dem Nutzer infolge von Fehlern, M\u00e4ngeln oder Auslassungen in den von FATMAS 2016, S.L. bereitgestellten Informationen entstehen, sofern diese aus Quellen au\u00dferhalb von FATMAS 2016, S.L. stammen.<\/p>\n<h2>Aus\u00fcbung des Rechts auf Auskunft, Berichtigung, L\u00f6schung und Widerspruch<\/h2>\n<p>Sie k\u00f6nnen Ihre Mitteilungen und die Aus\u00fcbung Ihrer Rechte auf Zugang, Berichtigung, L\u00f6schung, Einschr\u00e4nkung, \u00dcbertragbarkeit und Widerspruch an die Internetadresse www.dreamingmyway.com oder per Post an FATMAS 2016, SL, Ref. RGPD, in C \/ MAJANICHO N\u00ba100, URBANIZATION ORIGO MARE HOUSING 604, LA OLIVA, 35650, LAS PALMAS. Um diese Rechte aus\u00fcben zu k\u00f6nnen, m\u00fcssen Sie FATMAS 2016, S.L. gegen\u00fcber Ihre Pers\u00f6nlichkeit nachweisen, indem Sie eine Fotokopie Ihres Personalausweises oder ein anderes gesetzlich zul\u00e4ssiges Mittel vorlegen. Die \u00c4nderung oder Berichtigung Ihrer Registrierungsdaten kann jedoch auf der Website selbst erfolgen, indem Sie sich zuvor mit Ihrem Benutzernamen und Passwort identifizieren.<\/p>\n<h2>Akzeptanz und Zustimmung<\/h2>\n<p>Der Nutzer erkl\u00e4rt, \u00fcber die Bedingungen zum Schutz personenbezogener Daten informiert worden zu sein, und erkl\u00e4rt sich mit der automatisierten Verarbeitung dieser Daten durch FATMAS 2016, S.L. in der Art und Weise und zu den Zwecken einverstanden, die in dieser Datenschutzrichtlinie angegeben sind. Bestimmte auf dem Portal angebotene Dienste k\u00f6nnen besondere Bedingungen mit spezifischen Bestimmungen zum Schutz personenbezogener Daten enthalten.<\/p>\n<h2>Cookies<\/h2>\n<p>Die Website www.dreamingmyway.com verwendet keine Cookies, da diese physischen Informationsdateien auf dem Endger\u00e4t des Benutzers gespeichert werden und dazu dienen, dem Benutzer die Navigation durch das Portal zu erleichtern. In jedem Fall hat der Benutzer die M\u00f6glichkeit, den Browser so zu konfigurieren, dass die Installation dieser Dateien verhindert wird.<\/p>\n<h2>Sicherheitsma\u00dfnahmen<\/h2>\n<p>FATMAS 2016, S.L. hat die gesetzlich vorgeschriebenen Sicherheitsniveaus zum Schutz der pers\u00f6nlichen Daten angenommen und versucht, die anderen Mittel und zus\u00e4tzlichen technischen Ma\u00dfnahmen zu installieren, die ihr zur Verf\u00fcgung stehen, um den Verlust, den Missbrauch, die Ver\u00e4nderung, den unbefugten Zugriff und den Diebstahl der pers\u00f6nlichen Daten, die FATMAS 2016, S.L. zur Verf\u00fcgung gestellt werden, zu vermeiden. FATMAS 2016, S.L. haftet nicht f\u00fcr m\u00f6gliche Sch\u00e4den oder Verluste, die sich aus St\u00f6rungen, Auslassungen, Unterbrechungen, Computerviren, Telefonausf\u00e4llen oder Unterbrechungen im operativen Betrieb dieses elektronischen Systems ergeben k\u00f6nnten, die durch Ursachen au\u00dferhalb von FATMAS 2016, S.L .; von Verz\u00f6gerungen oder Blockaden bei der Nutzung dieses elektronischen Systems, die durch M\u00e4ngel oder \u00dcberlastungen von Telefonleitungen oder \u00dcberlastungen im Rechenzentrum, im Internetsystem oder in anderen elektronischen Systemen verursacht werden, sowie von Sch\u00e4den, die von Dritten durch unrechtm\u00e4\u00dfige Eingriffe au\u00dferhalb der Kontrolle von FATMAS 2016, S.L. verursacht werden k\u00f6nnen. Der Nutzer muss sich jedoch bewusst sein, dass die Sicherheitsma\u00dfnahmen im Internet nicht un\u00fcberwindbar sind.<\/p>\n<h2>Weitergabe von Daten an Dritte<\/h2>\n<p>FATMAS 2016, S.L. wird die Daten der Nutzer nicht an Dritte weitergeben.<\/p>\n<h2>Minderj\u00e4hrige<\/h2>\n<p>F\u00fcr den Fall, dass sich einige unserer Dienstleistungen speziell an Minderj\u00e4hrige richten, fordert FATMAS 2016, S.L. die Zustimmung der Eltern oder Erziehungsberechtigten zur Erhebung personenbezogener Daten oder gegebenenfalls zur automatisierten Verarbeitung der Daten.<\/p>\n<h2>Verwendungszwecke<\/h2>\n<p>Die Ziele von Fatmas 2016 S.L. sind die Aufrechterhaltung und Verwaltung der Beziehung mit dem Benutzer, sowie die Informationsaufgaben.<\/p>\n","protected":false},"excerpt":{"rendered":"<p>Datenschutzbestimmungen Wir ziehen es vor, keine Benutzerinformationen zu speichern, wenn dies nicht unbedingt erforderlich ist. Allerdings m\u00fcssen wir aufgrund lokaler Gesetze zumindest die Daten unserer G\u00e4ste \u00fcber ein Kontaktformular aufbewahren (Name, ID, Telefonnummer und E-Mail-Adresse). Wir versprechen, uns gut darum zu k\u00fcmmern, wie Sie unten lesen k\u00f6nnen. Vertraulichkeit und Datenschutz Im Sinne der Bestimmungen der [&hellip;]<\/p>\n","protected":false},"author":1,"featured_media":0,"parent":0,"menu_order":0,"comment_status":"closed","ping_status":"open","template":"","meta":{"_acf_changed":false,"footnotes":""},"class_list":["post-1683","page","type-page","status-publish","hentry"],"acf":[],"yoast_head":"<!-- This site is optimized with the Yoast SEO plugin v24.0 - https:\/\/yoast.com\/wordpress\/plugins\/seo\/ -->\n<title>Datenschutzbestimmungen - Calmare<\/title>\n<meta name=\"robots\" content=\"noindex, follow\" \/>\n<meta property=\"og:locale\" content=\"de_DE\" \/>\n<meta property=\"og:type\" content=\"article\" \/>\n<meta property=\"og:title\" content=\"Datenschutzbestimmungen - Calmare\" \/>\n<meta property=\"og:description\" content=\"Datenschutzbestimmungen Wir ziehen es vor, keine Benutzerinformationen zu speichern, wenn dies nicht unbedingt erforderlich ist. Allerdings m\u00fcssen wir aufgrund lokaler Gesetze zumindest die Daten unserer G\u00e4ste \u00fcber ein Kontaktformular aufbewahren (Name, ID, Telefonnummer und E-Mail-Adresse). Wir versprechen, uns gut darum zu k\u00fcmmern, wie Sie unten lesen k\u00f6nnen. Vertraulichkeit und Datenschutz Im Sinne der Bestimmungen der [&hellip;]\" \/>\n<meta property=\"og:url\" content=\"https:\/\/calmare.atoom.space\/de\/datenschutzbestimmungen\/\" \/>\n<meta property=\"og:site_name\" content=\"Calmare\" \/>\n<meta property=\"article:modified_time\" content=\"2024-12-03T11:51:46+00:00\" \/>\n<meta name=\"twitter:card\" content=\"summary_large_image\" \/>\n<meta name=\"twitter:label1\" content=\"Gesch\u00e4tzte Lesezeit\" \/>\n\t<meta name=\"twitter:data1\" content=\"5\u00a0Minuten\" \/>\n<script type=\"application\/ld+json\" class=\"yoast-schema-graph\">{\"@context\":\"https:\/\/schema.org\",\"@graph\":[{\"@type\":\"WebPage\",\"@id\":\"https:\/\/calmare.atoom.space\/de\/datenschutzbestimmungen\/\",\"url\":\"https:\/\/calmare.atoom.space\/de\/datenschutzbestimmungen\/\",\"name\":\"Datenschutzbestimmungen - Calmare\",\"isPartOf\":{\"@id\":\"https:\/\/calmare.atoom.space\/de\/#website\"},\"datePublished\":\"2024-09-26T17:37:27+00:00\",\"dateModified\":\"2024-12-03T11:51:46+00:00\",\"breadcrumb\":{\"@id\":\"https:\/\/calmare.atoom.space\/de\/datenschutzbestimmungen\/#breadcrumb\"},\"inLanguage\":\"de\",\"potentialAction\":[{\"@type\":\"ReadAction\",\"target\":[\"https:\/\/calmare.atoom.space\/de\/datenschutzbestimmungen\/\"]}]},{\"@type\":\"BreadcrumbList\",\"@id\":\"https:\/\/calmare.atoom.space\/de\/datenschutzbestimmungen\/#breadcrumb\",\"itemListElement\":[{\"@type\":\"ListItem\",\"position\":1,\"name\":\"Home\",\"item\":\"https:\/\/calmare.atoom.space\/de\/\"},{\"@type\":\"ListItem\",\"position\":2,\"name\":\"Datenschutzbestimmungen\"}]},{\"@type\":\"WebSite\",\"@id\":\"https:\/\/calmare.atoom.space\/de\/#website\",\"url\":\"https:\/\/calmare.atoom.space\/de\/\",\"name\":\"Calmare\",\"description\":\"\",\"publisher\":{\"@id\":\"https:\/\/calmare.atoom.space\/de\/#organization\"},\"potentialAction\":[{\"@type\":\"SearchAction\",\"target\":{\"@type\":\"EntryPoint\",\"urlTemplate\":\"https:\/\/calmare.atoom.space\/de\/?s={search_term_string}\"},\"query-input\":{\"@type\":\"PropertyValueSpecification\",\"valueRequired\":true,\"valueName\":\"search_term_string\"}}],\"inLanguage\":\"de\"},{\"@type\":\"Organization\",\"@id\":\"https:\/\/calmare.atoom.space\/de\/#organization\",\"name\":\"Calmare\",\"url\":\"https:\/\/calmare.atoom.space\/de\/\",\"logo\":{\"@type\":\"ImageObject\",\"inLanguage\":\"de\",\"@id\":\"https:\/\/calmare.atoom.space\/de\/#\/schema\/logo\/image\/\",\"url\":\"https:\/\/calmare.atoom.space\/wp-content\/uploads\/2024\/11\/logo-calmare.jpg\",\"contentUrl\":\"https:\/\/calmare.atoom.space\/wp-content\/uploads\/2024\/11\/logo-calmare.jpg\",\"width\":616,\"height\":206,\"caption\":\"Calmare\"},\"image\":{\"@id\":\"https:\/\/calmare.atoom.space\/de\/#\/schema\/logo\/image\/\"}}]}<\/script>\n<!-- \/ Yoast SEO plugin. -->","yoast_head_json":{"title":"Datenschutzbestimmungen - Calmare","robots":{"index":"noindex","follow":"follow"},"og_locale":"de_DE","og_type":"article","og_title":"Datenschutzbestimmungen - Calmare","og_description":"Datenschutzbestimmungen Wir ziehen es vor, keine Benutzerinformationen zu speichern, wenn dies nicht unbedingt erforderlich ist. Allerdings m\u00fcssen wir aufgrund lokaler Gesetze zumindest die Daten unserer G\u00e4ste \u00fcber ein Kontaktformular aufbewahren (Name, ID, Telefonnummer und E-Mail-Adresse). Wir versprechen, uns gut darum zu k\u00fcmmern, wie Sie unten lesen k\u00f6nnen. Vertraulichkeit und Datenschutz Im Sinne der Bestimmungen der [&hellip;]","og_url":"https:\/\/calmare.atoom.space\/de\/datenschutzbestimmungen\/","og_site_name":"Calmare","article_modified_time":"2024-12-03T11:51:46+00:00","twitter_card":"summary_large_image","twitter_misc":{"Gesch\u00e4tzte Lesezeit":"5\u00a0Minuten"},"schema":{"@context":"https:\/\/schema.org","@graph":[{"@type":"WebPage","@id":"https:\/\/calmare.atoom.space\/de\/datenschutzbestimmungen\/","url":"https:\/\/calmare.atoom.space\/de\/datenschutzbestimmungen\/","name":"Datenschutzbestimmungen - Calmare","isPartOf":{"@id":"https:\/\/calmare.atoom.space\/de\/#website"},"datePublished":"2024-09-26T17:37:27+00:00","dateModified":"2024-12-03T11:51:46+00:00","breadcrumb":{"@id":"https:\/\/calmare.atoom.space\/de\/datenschutzbestimmungen\/#breadcrumb"},"inLanguage":"de","potentialAction":[{"@type":"ReadAction","target":["https:\/\/calmare.atoom.space\/de\/datenschutzbestimmungen\/"]}]},{"@type":"BreadcrumbList","@id":"https:\/\/calmare.atoom.space\/de\/datenschutzbestimmungen\/#breadcrumb","itemListElement":[{"@type":"ListItem","position":1,"name":"Home","item":"https:\/\/calmare.atoom.space\/de\/"},{"@type":"ListItem","position":2,"name":"Datenschutzbestimmungen"}]},{"@type":"WebSite","@id":"https:\/\/calmare.atoom.space\/de\/#website","url":"https:\/\/calmare.atoom.space\/de\/","name":"Calmare","description":"","publisher":{"@id":"https:\/\/calmare.atoom.space\/de\/#organization"},"potentialAction":[{"@type":"SearchAction","target":{"@type":"EntryPoint","urlTemplate":"https:\/\/calmare.atoom.space\/de\/?s={search_term_string}"},"query-input":{"@type":"PropertyValueSpecification","valueRequired":true,"valueName":"search_term_string"}}],"inLanguage":"de"},{"@type":"Organization","@id":"https:\/\/calmare.atoom.space\/de\/#organization","name":"Calmare","url":"https:\/\/calmare.atoom.space\/de\/","logo":{"@type":"ImageObject","inLanguage":"de","@id":"https:\/\/calmare.atoom.space\/de\/#\/schema\/logo\/image\/","url":"https:\/\/calmare.atoom.space\/wp-content\/uploads\/2024\/11\/logo-calmare.jpg","contentUrl":"https:\/\/calmare.atoom.space\/wp-content\/uploads\/2024\/11\/logo-calmare.jpg","width":616,"height":206,"caption":"Calmare"},"image":{"@id":"https:\/\/calmare.atoom.space\/de\/#\/schema\/logo\/image\/"}}]}},"_links":{"self":[{"href":"https:\/\/calmare.atoom.space\/de\/wp-json\/wp\/v2\/pages\/1683","targetHints":{"allow":["GET"]}}],"collection":[{"href":"https:\/\/calmare.atoom.space\/de\/wp-json\/wp\/v2\/pages"}],"about":[{"href":"https:\/\/calmare.atoom.space\/de\/wp-json\/wp\/v2\/types\/page"}],"author":[{"embeddable":true,"href":"https:\/\/calmare.atoom.space\/de\/wp-json\/wp\/v2\/users\/1"}],"replies":[{"embeddable":true,"href":"https:\/\/calmare.atoom.space\/de\/wp-json\/wp\/v2\/comments?post=1683"}],"version-history":[{"count":2,"href":"https:\/\/calmare.atoom.space\/de\/wp-json\/wp\/v2\/pages\/1683\/revisions"}],"predecessor-version":[{"id":2598,"href":"https:\/\/calmare.atoom.space\/de\/wp-json\/wp\/v2\/pages\/1683\/revisions\/2598"}],"wp:attachment":[{"href":"https:\/\/calmare.atoom.space\/de\/wp-json\/wp\/v2\/media?parent=1683"}],"curies":[{"name":"wp","href":"https:\/\/api.w.org\/{rel}","templated":true}]}}